{"id":163,"date":"2020-07-02T10:38:14","date_gmt":"2020-07-02T10:38:14","guid":{"rendered":"http:\/\/actef.es\/web\/?page_id=163"},"modified":"2023-07-23T16:46:37","modified_gmt":"2023-07-23T16:46:37","slug":"publicaciones","status":"publish","type":"page","link":"https:\/\/actef.es\/web\/publicaciones\/","title":{"rendered":"Publicaciones"},"content":{"rendered":"\n<h2 class=\"wp-block-heading\">Talincrea<\/h2>\n\n\n\n<p style=\"font-size:21px\"><strong>Revista editada por el Centro Universitario<\/strong>\u00a0de Ciencias de<strong>\u00a0la Salud de la Universidad de Guadalajara, M\u00e9xico<\/strong><\/p>\n\n\n\n<p class=\"has-medium-font-size\">Articulo en la revista Talincrea dedicado al primer a\u00f1o de  investigaci\u00f3n <strong>\u00abAtl\u00b7lotes i Dones Visibles\u00bb<\/strong><\/p>\n\n\n\n<p>IDENTIFICACI\u00d3N DE HERMANAS (NI\u00d1AS Y J\u00d3VENES) DE ALTA CAPACIDAD INTELECTUAL EN   AMILIAS DE ACTEF (ASSOCIACI\u00d3 D\u2019ALTES CAPACITATS I TALENTS D\u2019EIVISSA I FORMENTERA) CON UN HIJO VAR\u00d3N PREVIAMENTE IDENTIFICADO.<\/p>\n\n\n\n<div class=\"wp-block-image\"><figure class=\"aligncenter size-large\"><a href=\"http:\/\/www.talincrea.cucs.udg.mx\/\/sites\/default\/files\/adjuntos\/09_17\/01_numero.pdf\"><img loading=\"lazy\" decoding=\"async\" width=\"306\" height=\"385\" src=\"http:\/\/actef.es\/wp-content\/uploads\/2023\/07\/talincrea.png\" alt=\"\" class=\"wp-image-1896\" srcset=\"https:\/\/actef.es\/wp-content\/uploads\/2023\/07\/talincrea.png 306w, https:\/\/actef.es\/wp-content\/uploads\/2023\/07\/talincrea-238x300.png 238w\" sizes=\"auto, (max-width: 306px) 100vw, 306px\" \/><\/a><\/figure><\/div>\n\n\n\n<div class=\"wp-block-kadence-advancedbtn kt-btn-align-left kt-btn-tablet-align-inherit kt-btn-mobile-align-inherit kt-btns-wrap kt-btns_536d99-f1\"><div class=\"kt-btn-wrap kt-btn-wrap-0\"><a class=\"kt-button button kt-btn-0-action kt-btn-size-large kt-btn-style-basic kt-btn-svg-show-always kt-btn-has-text-true kt-btn-has-svg-false\" href=\"http:\/\/http:\/\/www.fundacionavanza.org\/images\/documentos\/libros\/cuento-por-que-no-me-entienden.pdf\" target=\"_blank\" rel=\"noreferrer noopener\"><span class=\"kt-btn-inner-text\">Enlace a la revista <\/span><\/a><\/div><\/div>\n\n\n\n<h2 class=\"wp-block-heading\">Revista \u00abLas Cebras\u00bb<\/h2>\n\n\n\n<p>Revista conmemorativa del 10\u00ba aniversario de ACTEF. Historias, poes\u00edas, cuentos, dibujos, noticias, entrevistas, pel\u00edculas, proyectos, etc. Todo lo que te gustar\u00eda publicar y no sabias donde.<\/p>\n\n\n\n<div class=\"wp-block-image\"><figure class=\"aligncenter size-large\"><a href=\"https:\/\/issuu.com\/actef\/docs\/revista_actef_issuuok\" target=\"_blank\" rel=\"noopener noreferrer\"><img loading=\"lazy\" decoding=\"async\" width=\"282\" height=\"404\" src=\"http:\/\/actef.es\/web\/wp-content\/uploads\/2020\/07\/cebras.png\" alt=\"\" class=\"wp-image-164\" srcset=\"https:\/\/actef.es\/wp-content\/uploads\/2020\/07\/cebras.png 282w, https:\/\/actef.es\/wp-content\/uploads\/2020\/07\/cebras-209x300.png 209w\" sizes=\"auto, (max-width: 282px) 100vw, 282px\" \/><\/a><\/figure><\/div>\n\n\n\n<h2 class=\"wp-block-heading\">Cuento \u00abPor qu\u00e9 no me entienden\u00bb<\/h2>\n\n\n\n<p>Cuento para ni\u00f1os de Alta Capacidad \u2026y para sus padres<br>y profesores<br>Autora: Gema Theus<br>Donado a la Fundaci\u00f3n Avanza<\/p>\n\n\n\n<div class=\"wp-block-kadence-advancedbtn kt-btn-align-left kt-btn-tablet-align-inherit kt-btn-mobile-align-inherit kt-btns-wrap kt-btns_a4be2d-82\"><div class=\"kt-btn-wrap kt-btn-wrap-0\"><a class=\"kt-button button kt-btn-0-action kt-btn-size-large kt-btn-style-basic kt-btn-svg-show-always kt-btn-has-text-true kt-btn-has-svg-false\" href=\"http:\/\/http:\/\/www.fundacionavanza.org\/images\/documentos\/libros\/cuento-por-que-no-me-entienden.pdf\" target=\"_blank\" rel=\"noreferrer noopener\"><span class=\"kt-btn-inner-text\">Enlace al cuento<\/span><\/a><\/div><\/div>\n\n\n\n<p><\/p>\n<style class=\"advgb-styles-renderer\">.wp-block-kadence-advancedbtn.kb-btns_536d99-f1{gap:var(--global-kb-gap-xs, 0.5rem );justify-content:flex-start;align-items:center;}.kt-btns_536d99-f1 .kt-button{font-weight:normal;font-style:normal;}.kt-btns_536d99-f1 .kt-btn-wrap-0{margin-right:5px;}.wp-block-kadence-advancedbtn.kt-btns_536d99-f1 .kt-btn-wrap-0 .kt-button{color:#00d084;background:rgba(238, 238, 238, 0);border-color:#7bdcb5;}.wp-block-kadence-advancedbtn.kt-btns_536d99-f1 .kt-btn-wrap-0 .kt-button:hover, .wp-block-kadence-advancedbtn.kt-btns_536d99-f1 .kt-btn-wrap-0 .kt-button:focus{color:#ffffff;border-color:#444444;}.wp-block-kadence-advancedbtn.kt-btns_536d99-f1 .kt-btn-wrap-0 .kt-button::before{display:none;}.wp-block-kadence-advancedbtn.kt-btns_536d99-f1 .kt-btn-wrap-0 .kt-button:hover, .wp-block-kadence-advancedbtn.kt-btns_536d99-f1 .kt-btn-wrap-0 .kt-button:focus{background:#444444;}.wp-block-kadence-advancedbtn.kb-btns_a4be2d-82{gap:var(--global-kb-gap-xs, 0.5rem );justify-content:flex-start;align-items:center;}.kt-btns_a4be2d-82 .kt-button{font-weight:normal;font-style:normal;}.kt-btns_a4be2d-82 .kt-btn-wrap-0{margin-right:5px;}.wp-block-kadence-advancedbtn.kt-btns_a4be2d-82 .kt-btn-wrap-0 .kt-button{color:#00d084;background:rgba(238, 238, 238, 0);border-color:#7bdcb5;}.wp-block-kadence-advancedbtn.kt-btns_a4be2d-82 .kt-btn-wrap-0 .kt-button:hover, .wp-block-kadence-advancedbtn.kt-btns_a4be2d-82 .kt-btn-wrap-0 .kt-button:focus{color:#ffffff;border-color:#444444;}.wp-block-kadence-advancedbtn.kt-btns_a4be2d-82 .kt-btn-wrap-0 .kt-button::before{display:none;}.wp-block-kadence-advancedbtn.kt-btns_a4be2d-82 .kt-btn-wrap-0 .kt-button:hover, .wp-block-kadence-advancedbtn.kt-btns_a4be2d-82 .kt-btn-wrap-0 .kt-button:focus{background:#444444;}<\/style>","protected":false},"excerpt":{"rendered":"<p>Talincrea Revista editada por el Centro Universitario\u00a0de Ciencias de\u00a0la Salud de la Universidad de Guadalajara, M\u00e9xico Articulo en la revista Talincrea dedicado al primer a\u00f1o de investigaci\u00f3n \u00abAtl\u00b7lotes i Dones Visibles\u00bb IDENTIFICACI\u00d3N DE HERMANAS (NI\u00d1AS Y J\u00d3VENES) DE ALTA CAPACIDAD INTELECTUAL EN AMILIAS DE ACTEF (ASSOCIACI\u00d3 D\u2019ALTES CAPACITATS I TALENTS D\u2019EIVISSA I FORMENTERA) CON UN &#8230; <a title=\"Publicaciones\" class=\"read-more\" href=\"https:\/\/actef.es\/web\/publicaciones\/\" aria-label=\"Leer m\u00e1s sobre Publicaciones\">Leer m\u00e1s<\/a><\/p>\n","protected":false},"author":1,"featured_media":0,"parent":0,"menu_order":0,"comment_status":"closed","ping_status":"closed","template":"","meta":{"advgb_blocks_editor_width":"","advgb_blocks_columns_visual_guide":"","footnotes":""},"class_list":["post-163","page","type-page","status-publish"],"featured_image_urls_v2":{"full":"","thumbnail":"","medium":"","medium_large":"","large":"","1536x1536":"","2048x2048":""},"post_excerpt_stackable_v2":"<p>Talincrea Revista editada por el Centro Universitario\u00a0de Ciencias de\u00a0la Salud de la Universidad de Guadalajara, M\u00e9xico Articulo en la revista Talincrea dedicado al primer a\u00f1o de investigaci\u00f3n \u00abAtl\u00b7lotes i Dones Visibles\u00bb IDENTIFICACI\u00d3N DE HERMANAS (NI\u00d1AS Y J\u00d3VENES) DE ALTA CAPACIDAD INTELECTUAL EN AMILIAS DE ACTEF (ASSOCIACI\u00d3 D\u2019ALTES CAPACITATS I TALENTS D\u2019EIVISSA I FORMENTERA) CON UN HIJO VAR\u00d3N PREVIAMENTE IDENTIFICADO. Enlace a la revista Revista \u00abLas Cebras\u00bb Revista conmemorativa del 10\u00ba aniversario de ACTEF. Historias, poes\u00edas, cuentos, dibujos, noticias, entrevistas, pel\u00edculas, proyectos, etc. Todo lo que te gustar\u00eda publicar y no sabias donde. Cuento \u00abPor qu\u00e9 no me entienden\u00bb Cuento para&hellip;<\/p>\n","category_list_v2":"","author_info_v2":{"name":"actefwp","url":"https:\/\/actef.es\/web\/author\/actefwp\/"},"comments_num_v2":"0 comentarios","coauthors":[],"author_meta":{"author_link":"https:\/\/actef.es\/web\/author\/actefwp\/","display_name":"actefwp"},"relative_dates":{"created":"Publicado 6 a\u00f1os hace","modified":"Actualizado 3 a\u00f1os hace"},"absolute_dates":{"created":"Publicado el 2 julio 2020","modified":"Actualizado el 23 julio 2023"},"absolute_dates_time":{"created":"Publicado el 2 julio 2020 10:38","modified":"Actualizado el 23 julio 2023 16:46"},"featured_img_caption":"","featured_img":false,"series_order":"","_links":{"self":[{"href":"https:\/\/actef.es\/web\/wp-json\/wp\/v2\/pages\/163","targetHints":{"allow":["GET"]}}],"collection":[{"href":"https:\/\/actef.es\/web\/wp-json\/wp\/v2\/pages"}],"about":[{"href":"https:\/\/actef.es\/web\/wp-json\/wp\/v2\/types\/page"}],"author":[{"embeddable":true,"href":"https:\/\/actef.es\/web\/wp-json\/wp\/v2\/users\/1"}],"replies":[{"embeddable":true,"href":"https:\/\/actef.es\/web\/wp-json\/wp\/v2\/comments?post=163"}],"version-history":[{"count":6,"href":"https:\/\/actef.es\/web\/wp-json\/wp\/v2\/pages\/163\/revisions"}],"predecessor-version":[{"id":1904,"href":"https:\/\/actef.es\/web\/wp-json\/wp\/v2\/pages\/163\/revisions\/1904"}],"wp:attachment":[{"href":"https:\/\/actef.es\/web\/wp-json\/wp\/v2\/media?parent=163"}],"curies":[{"name":"wp","href":"https:\/\/api.w.org\/{rel}","templated":true}]}}