{"id":1938,"date":"2023-08-10T07:28:26","date_gmt":"2023-08-10T07:28:26","guid":{"rendered":"http:\/\/actef.es\/?page_id=1938"},"modified":"2026-03-17T17:34:34","modified_gmt":"2026-03-17T15:34:34","slug":"formaciones","status":"publish","type":"page","link":"https:\/\/actef.es\/web\/formaciones\/","title":{"rendered":"Formaciones 2025\/2026"},"content":{"rendered":"\n<p><strong>Formaci\u00f3n Homologada: Atenci\u00f3n a las Altas Capacidades en el Aula Inclusiva<\/strong><\/p>\n\n\n\n<p>La <strong>Conseller\u00eda de Educaci\u00f3n del Govern Balear<\/strong> ha homologado una nueva formaci\u00f3n especializada dirigida a docentes comprometidos con la inclusi\u00f3n educativa. Esta formaci\u00f3n ser\u00e1 impartida por <strong>ACTEF (Associaci\u00f3 d\u00b4Altes Capacitas d\u00b4Eivissa i Formentera)<\/strong>.<\/p>\n\n\n\n<p>El curso se centra en la <strong>atenci\u00f3n educativa a alumnos con Altas Capacidades<\/strong>, ofreciendo estrategias pr\u00e1cticas y recursos pedag\u00f3gicos para fomentar una <strong>aula inclusiva<\/strong> que responda a la diversidad del alumnado. A trav\u00e9s de esta formaci\u00f3n, los participantes adquirir\u00e1n herramientas para identificar, comprender y acompa\u00f1ar el potencial de estos estudiantes, promoviendo su desarrollo integral.<\/p>\n\n\n\n<p><\/p>\n\n\n\n<p><\/p>\n\n\n\n<hr class=\"wp-block-separator has-alpha-channel-opacity\"\/>\n\n\n\n<figure class=\"wp-block-gallery has-nested-images columns-default is-cropped wp-block-gallery-1 is-layout-flex wp-block-gallery-is-layout-flex\">\n<figure class=\"wp-block-image size-large\"><img loading=\"lazy\" decoding=\"async\" width=\"724\" height=\"1024\" data-id=\"4364\" src=\"https:\/\/actef.es\/wp-content\/uploads\/2025\/08\/3-2-724x1024.png\" alt=\"\" class=\"wp-image-4364\" srcset=\"https:\/\/actef.es\/wp-content\/uploads\/2025\/08\/3-2-724x1024.png 724w, https:\/\/actef.es\/wp-content\/uploads\/2025\/08\/3-2-212x300.png 212w, https:\/\/actef.es\/wp-content\/uploads\/2025\/08\/3-2-768x1086.png 768w, https:\/\/actef.es\/wp-content\/uploads\/2025\/08\/3-2-1086x1536.png 1086w, https:\/\/actef.es\/wp-content\/uploads\/2025\/08\/3-2.png 1414w\" sizes=\"auto, (max-width: 724px) 100vw, 724px\" \/><\/figure>\n\n\n\n<figure class=\"wp-block-image size-large\"><img loading=\"lazy\" decoding=\"async\" width=\"724\" height=\"1024\" data-id=\"4366\" src=\"https:\/\/actef.es\/wp-content\/uploads\/2025\/08\/4-2-724x1024.png\" alt=\"\" class=\"wp-image-4366\" srcset=\"https:\/\/actef.es\/wp-content\/uploads\/2025\/08\/4-2-724x1024.png 724w, https:\/\/actef.es\/wp-content\/uploads\/2025\/08\/4-2-212x300.png 212w, https:\/\/actef.es\/wp-content\/uploads\/2025\/08\/4-2-768x1086.png 768w, https:\/\/actef.es\/wp-content\/uploads\/2025\/08\/4-2-1086x1536.png 1086w, https:\/\/actef.es\/wp-content\/uploads\/2025\/08\/4-2.png 1414w\" sizes=\"auto, (max-width: 724px) 100vw, 724px\" \/><\/figure>\n<\/figure>\n\n\n<div class=\"wp-block-image\">\n<figure class=\"aligncenter size-full is-resized\"><a href=\"https:\/\/docs.google.com\/forms\/d\/e\/1FAIpQLSdGORYKbEQ6Wd3HeM2IOrjEWbBINaz7DaWTo5va7N5hmk1adQ\/viewform?usp=header\"><img loading=\"lazy\" decoding=\"async\" width=\"970\" height=\"250\" src=\"https:\/\/actef.es\/wp-content\/uploads\/2024\/09\/24.png\" alt=\"\" class=\"wp-image-2710\" style=\"width:606px;height:auto\" srcset=\"https:\/\/actef.es\/wp-content\/uploads\/2024\/09\/24.png 970w, https:\/\/actef.es\/wp-content\/uploads\/2024\/09\/24-300x77.png 300w, https:\/\/actef.es\/wp-content\/uploads\/2024\/09\/24-768x198.png 768w\" sizes=\"auto, (max-width: 970px) 100vw, 970px\" \/><\/a><\/figure>\n<\/div>\n\n\n<figure class=\"wp-block-gallery has-nested-images columns-4 is-cropped wp-block-gallery-2 is-layout-flex wp-block-gallery-is-layout-flex\">\n<figure class=\"wp-block-image size-large\"><img loading=\"lazy\" decoding=\"async\" width=\"724\" height=\"1024\" data-id=\"4645\" src=\"https:\/\/actef.es\/wp-content\/uploads\/2025\/09\/PROGRAMACIO-MULTINIVELL-I-DISSENY-UNIVERSAL-DAPRENENTATGE-PER-A-L-ALUMNAT-AMB-ALTES-CAPACITATS-2-724x1024.png\" alt=\"\" class=\"wp-image-4645\" srcset=\"https:\/\/actef.es\/wp-content\/uploads\/2025\/09\/PROGRAMACIO-MULTINIVELL-I-DISSENY-UNIVERSAL-DAPRENENTATGE-PER-A-L-ALUMNAT-AMB-ALTES-CAPACITATS-2-724x1024.png 724w, https:\/\/actef.es\/wp-content\/uploads\/2025\/09\/PROGRAMACIO-MULTINIVELL-I-DISSENY-UNIVERSAL-DAPRENENTATGE-PER-A-L-ALUMNAT-AMB-ALTES-CAPACITATS-2-212x300.png 212w, https:\/\/actef.es\/wp-content\/uploads\/2025\/09\/PROGRAMACIO-MULTINIVELL-I-DISSENY-UNIVERSAL-DAPRENENTATGE-PER-A-L-ALUMNAT-AMB-ALTES-CAPACITATS-2-768x1086.png 768w, https:\/\/actef.es\/wp-content\/uploads\/2025\/09\/PROGRAMACIO-MULTINIVELL-I-DISSENY-UNIVERSAL-DAPRENENTATGE-PER-A-L-ALUMNAT-AMB-ALTES-CAPACITATS-2-1086x1536.png 1086w, https:\/\/actef.es\/wp-content\/uploads\/2025\/09\/PROGRAMACIO-MULTINIVELL-I-DISSENY-UNIVERSAL-DAPRENENTATGE-PER-A-L-ALUMNAT-AMB-ALTES-CAPACITATS-2.png 1414w\" sizes=\"auto, (max-width: 724px) 100vw, 724px\" \/><\/figure>\n\n\n\n<figure class=\"wp-block-image size-large\"><img loading=\"lazy\" decoding=\"async\" width=\"724\" height=\"1024\" data-id=\"4343\" src=\"https:\/\/actef.es\/wp-content\/uploads\/2025\/08\/2-724x1024.png\" alt=\"\" class=\"wp-image-4343\" srcset=\"https:\/\/actef.es\/wp-content\/uploads\/2025\/08\/2-724x1024.png 724w, https:\/\/actef.es\/wp-content\/uploads\/2025\/08\/2-212x300.png 212w, https:\/\/actef.es\/wp-content\/uploads\/2025\/08\/2-768x1086.png 768w, https:\/\/actef.es\/wp-content\/uploads\/2025\/08\/2-1086x1536.png 1086w, https:\/\/actef.es\/wp-content\/uploads\/2025\/08\/2.png 1414w\" sizes=\"auto, (max-width: 724px) 100vw, 724px\" \/><\/figure>\n\n\n\n<figure class=\"wp-block-image size-large\"><img loading=\"lazy\" decoding=\"async\" width=\"724\" height=\"1024\" data-id=\"4650\" src=\"https:\/\/actef.es\/wp-content\/uploads\/2025\/09\/PROGRAMACIO-MULTINIVELL-I-DISSENY-UNIVERSAL-DAPRENENTATGE-PER-A-L-ALUMNAT-AMB-ALTES-CAPACITATS-3-724x1024.png\" alt=\"\" class=\"wp-image-4650\" srcset=\"https:\/\/actef.es\/wp-content\/uploads\/2025\/09\/PROGRAMACIO-MULTINIVELL-I-DISSENY-UNIVERSAL-DAPRENENTATGE-PER-A-L-ALUMNAT-AMB-ALTES-CAPACITATS-3-724x1024.png 724w, https:\/\/actef.es\/wp-content\/uploads\/2025\/09\/PROGRAMACIO-MULTINIVELL-I-DISSENY-UNIVERSAL-DAPRENENTATGE-PER-A-L-ALUMNAT-AMB-ALTES-CAPACITATS-3-212x300.png 212w, https:\/\/actef.es\/wp-content\/uploads\/2025\/09\/PROGRAMACIO-MULTINIVELL-I-DISSENY-UNIVERSAL-DAPRENENTATGE-PER-A-L-ALUMNAT-AMB-ALTES-CAPACITATS-3-768x1086.png 768w, https:\/\/actef.es\/wp-content\/uploads\/2025\/09\/PROGRAMACIO-MULTINIVELL-I-DISSENY-UNIVERSAL-DAPRENENTATGE-PER-A-L-ALUMNAT-AMB-ALTES-CAPACITATS-3-1086x1536.png 1086w, https:\/\/actef.es\/wp-content\/uploads\/2025\/09\/PROGRAMACIO-MULTINIVELL-I-DISSENY-UNIVERSAL-DAPRENENTATGE-PER-A-L-ALUMNAT-AMB-ALTES-CAPACITATS-3.png 1414w\" sizes=\"auto, (max-width: 724px) 100vw, 724px\" \/><\/figure>\n\n\n\n<figure class=\"wp-block-image size-large\"><img loading=\"lazy\" decoding=\"async\" width=\"724\" height=\"1024\" data-id=\"4351\" src=\"https:\/\/actef.es\/wp-content\/uploads\/2025\/08\/6-724x1024.png\" alt=\"\" class=\"wp-image-4351\" srcset=\"https:\/\/actef.es\/wp-content\/uploads\/2025\/08\/6-724x1024.png 724w, https:\/\/actef.es\/wp-content\/uploads\/2025\/08\/6-212x300.png 212w, https:\/\/actef.es\/wp-content\/uploads\/2025\/08\/6-768x1086.png 768w, https:\/\/actef.es\/wp-content\/uploads\/2025\/08\/6-1086x1536.png 1086w, https:\/\/actef.es\/wp-content\/uploads\/2025\/08\/6.png 1414w\" sizes=\"auto, (max-width: 724px) 100vw, 724px\" \/><\/figure>\n<\/figure>\n\n\n\n<p><\/p>\n","protected":false},"excerpt":{"rendered":"<p>Formaci\u00f3n Homologada: Atenci\u00f3n a las Altas Capacidades en el Aula Inclusiva La Conseller\u00eda de Educaci\u00f3n del Govern Balear ha homologado una nueva formaci\u00f3n especializada dirigida a docentes comprometidos con la inclusi\u00f3n educativa. Esta formaci\u00f3n ser\u00e1 impartida por ACTEF (Associaci\u00f3 d\u00b4Altes Capacitas d\u00b4Eivissa i Formentera). El curso se centra en la atenci\u00f3n educativa a alumnos con &#8230; <a title=\"Formaciones 2025\/2026\" class=\"read-more\" href=\"https:\/\/actef.es\/web\/formaciones\/\" aria-label=\"Leer m\u00e1s sobre Formaciones 2025\/2026\">Leer m\u00e1s<\/a><\/p>\n","protected":false},"author":2,"featured_media":0,"parent":0,"menu_order":0,"comment_status":"open","ping_status":"closed","template":"","meta":{"advgb_blocks_editor_width":"large","advgb_blocks_columns_visual_guide":"","footnotes":""},"class_list":["post-1938","page","type-page","status-publish"],"featured_image_urls_v2":{"full":"","thumbnail":"","medium":"","medium_large":"","large":"","1536x1536":"","2048x2048":""},"post_excerpt_stackable_v2":"<p>Formaci\u00f3n Homologada: Atenci\u00f3n a las Altas Capacidades en el Aula Inclusiva La Conseller\u00eda de Educaci\u00f3n del Govern Balear ha homologado una nueva formaci\u00f3n especializada dirigida a docentes comprometidos con la inclusi\u00f3n educativa. Esta formaci\u00f3n ser\u00e1 impartida por ACTEF (Associaci\u00f3 d\u00b4Altes Capacitas d\u00b4Eivissa i Formentera). El curso se centra en la atenci\u00f3n educativa a alumnos con Altas Capacidades, ofreciendo estrategias pr\u00e1cticas y recursos pedag\u00f3gicos para fomentar una aula inclusiva que responda a la diversidad del alumnado. A trav\u00e9s de esta formaci\u00f3n, los participantes adquirir\u00e1n herramientas para identificar, comprender y acompa\u00f1ar el potencial de estos estudiantes, promoviendo su desarrollo integral.<\/p>\n","category_list_v2":"","author_info_v2":{"name":"Esperanza Marqu\u00e8s","url":"https:\/\/actef.es\/web\/author\/esperanza\/"},"comments_num_v2":"0 comentarios","coauthors":[],"author_meta":{"author_link":"https:\/\/actef.es\/web\/author\/esperanza\/","display_name":"Esperanza Marqu\u00e8s"},"relative_dates":{"created":"Publicado 3 a\u00f1os hace","modified":"Actualizado 4 semanas hace"},"absolute_dates":{"created":"Publicado el 10 agosto 2023","modified":"Actualizado el 17 marzo 2026"},"absolute_dates_time":{"created":"Publicado el 10 agosto 2023 07:28","modified":"Actualizado el 17 marzo 2026 17:34"},"featured_img_caption":"","featured_img":false,"series_order":"","_links":{"self":[{"href":"https:\/\/actef.es\/web\/wp-json\/wp\/v2\/pages\/1938","targetHints":{"allow":["GET"]}}],"collection":[{"href":"https:\/\/actef.es\/web\/wp-json\/wp\/v2\/pages"}],"about":[{"href":"https:\/\/actef.es\/web\/wp-json\/wp\/v2\/types\/page"}],"author":[{"embeddable":true,"href":"https:\/\/actef.es\/web\/wp-json\/wp\/v2\/users\/2"}],"replies":[{"embeddable":true,"href":"https:\/\/actef.es\/web\/wp-json\/wp\/v2\/comments?post=1938"}],"version-history":[{"count":44,"href":"https:\/\/actef.es\/web\/wp-json\/wp\/v2\/pages\/1938\/revisions"}],"predecessor-version":[{"id":6264,"href":"https:\/\/actef.es\/web\/wp-json\/wp\/v2\/pages\/1938\/revisions\/6264"}],"wp:attachment":[{"href":"https:\/\/actef.es\/web\/wp-json\/wp\/v2\/media?parent=1938"}],"curies":[{"name":"wp","href":"https:\/\/api.w.org\/{rel}","templated":true}]}}