{"id":2552,"date":"2023-08-10T07:28:26","date_gmt":"2023-08-10T07:28:26","guid":{"rendered":"http:\/\/actef.es\/formaciones\/"},"modified":"2026-05-01T13:33:04","modified_gmt":"2026-05-01T11:33:04","slug":"formaciones","status":"publish","type":"page","link":"https:\/\/actef.es\/web\/formaciones\/?lang=ca","title":{"rendered":"Formacions 2025\/2026"},"content":{"rendered":"\n<p><strong>Formaci\u00f3 Homologada: Atenci\u00f3 a l&#8217;Altes Capacitats a l&#8217;Aula Inclusiva<\/strong><\/p>\n\n\n\n<p>La <strong>Conselleria d\u2019Educaci\u00f3 del Govern Balear<\/strong> ha homologat una nova formaci\u00f3 especialitzada adre\u00e7ada al professorat comprom\u00e8s amb la inclusi\u00f3 educativa. Aquesta formaci\u00f3 ser\u00e0 impartida per <strong>ACTEF (Associaci\u00f3 Cultural i Tecnol\u00f2gica d\u2019Educaci\u00f3 i Formaci\u00f3)<\/strong>, entitat reconeguda per la seva tasca en el desenvolupament professional docent.<\/p>\n\n\n\n<p>El curs se centra en l\u2019<strong>atenci\u00f3 educativa a l\u2019alumnat amb Altes Capacitats<\/strong>, i ofereix estrat\u00e8gies pr\u00e0ctiques i recursos pedag\u00f2gics per fomentar una <strong>aula inclusiva<\/strong> que respongui a la diversitat. Mitjan\u00e7ant aquesta formaci\u00f3, els participants adquiriran eines per identificar, comprendre i acompanyar el potencial d\u2019aquests alumnes, afavorint el seu desenvolupament integral.<\/p>\n\n\n\n<p><\/p>\n\n\n\n<p><\/p>\n\n\n\n<figure class=\"wp-block-gallery has-nested-images columns-default is-cropped wp-block-gallery-1 is-layout-flex wp-block-gallery-is-layout-flex\">\n<figure class=\"wp-block-image size-large\"><img loading=\"lazy\" decoding=\"async\" width=\"724\" height=\"1024\" data-id=\"4365\" src=\"https:\/\/actef.es\/wp-content\/uploads\/2025\/08\/3-2-724x1024.png\" alt=\"\" class=\"wp-image-4365\" srcset=\"https:\/\/actef.es\/wp-content\/uploads\/2025\/08\/3-2-724x1024.png 724w, https:\/\/actef.es\/wp-content\/uploads\/2025\/08\/3-2-212x300.png 212w, https:\/\/actef.es\/wp-content\/uploads\/2025\/08\/3-2-768x1086.png 768w, https:\/\/actef.es\/wp-content\/uploads\/2025\/08\/3-2-1086x1536.png 1086w, https:\/\/actef.es\/wp-content\/uploads\/2025\/08\/3-2.png 1414w\" sizes=\"auto, (max-width: 724px) 100vw, 724px\" \/><\/figure>\n\n\n\n<figure class=\"wp-block-image size-large\"><img loading=\"lazy\" decoding=\"async\" width=\"724\" height=\"1024\" data-id=\"4367\" src=\"https:\/\/actef.es\/wp-content\/uploads\/2025\/08\/4-2-724x1024.png\" alt=\"\" class=\"wp-image-4367\" srcset=\"https:\/\/actef.es\/wp-content\/uploads\/2025\/08\/4-2-724x1024.png 724w, https:\/\/actef.es\/wp-content\/uploads\/2025\/08\/4-2-212x300.png 212w, https:\/\/actef.es\/wp-content\/uploads\/2025\/08\/4-2-768x1086.png 768w, https:\/\/actef.es\/wp-content\/uploads\/2025\/08\/4-2-1086x1536.png 1086w, https:\/\/actef.es\/wp-content\/uploads\/2025\/08\/4-2.png 1414w\" sizes=\"auto, (max-width: 724px) 100vw, 724px\" \/><\/figure>\n<\/figure>\n\n\n<div class=\"wp-block-image\">\n<figure class=\"aligncenter size-full is-resized\"><a href=\"https:\/\/docs.google.com\/forms\/d\/e\/1FAIpQLSdGORYKbEQ6Wd3HeM2IOrjEWbBINaz7DaWTo5va7N5hmk1adQ\/viewform?usp=header\"><img loading=\"lazy\" decoding=\"async\" width=\"782\" height=\"185\" src=\"https:\/\/actef.es\/wp-content\/uploads\/2025\/08\/24-cAT.png\" alt=\"\" class=\"wp-image-4100\" style=\"width:570px;height:auto\" srcset=\"https:\/\/actef.es\/wp-content\/uploads\/2025\/08\/24-cAT.png 782w, https:\/\/actef.es\/wp-content\/uploads\/2025\/08\/24-cAT-300x71.png 300w, https:\/\/actef.es\/wp-content\/uploads\/2025\/08\/24-cAT-768x182.png 768w\" sizes=\"auto, (max-width: 782px) 100vw, 782px\" \/><\/a><\/figure>\n<\/div>\n\n\n<figure class=\"wp-block-gallery has-nested-images columns-4 is-cropped wp-block-gallery-2 is-layout-flex wp-block-gallery-is-layout-flex\">\n<figure class=\"wp-block-image size-large\"><img loading=\"lazy\" decoding=\"async\" width=\"724\" height=\"1024\" data-id=\"4651\" src=\"https:\/\/actef.es\/wp-content\/uploads\/2025\/09\/PROGRAMACIO-MULTINIVELL-I-DISSENY-UNIVERSAL-DAPRENENTATGE-PER-A-L-ALUMNAT-AMB-ALTES-CAPACITATS-3-724x1024.png\" alt=\"\" class=\"wp-image-4651\" srcset=\"https:\/\/actef.es\/wp-content\/uploads\/2025\/09\/PROGRAMACIO-MULTINIVELL-I-DISSENY-UNIVERSAL-DAPRENENTATGE-PER-A-L-ALUMNAT-AMB-ALTES-CAPACITATS-3-724x1024.png 724w, https:\/\/actef.es\/wp-content\/uploads\/2025\/09\/PROGRAMACIO-MULTINIVELL-I-DISSENY-UNIVERSAL-DAPRENENTATGE-PER-A-L-ALUMNAT-AMB-ALTES-CAPACITATS-3-212x300.png 212w, https:\/\/actef.es\/wp-content\/uploads\/2025\/09\/PROGRAMACIO-MULTINIVELL-I-DISSENY-UNIVERSAL-DAPRENENTATGE-PER-A-L-ALUMNAT-AMB-ALTES-CAPACITATS-3-768x1086.png 768w, https:\/\/actef.es\/wp-content\/uploads\/2025\/09\/PROGRAMACIO-MULTINIVELL-I-DISSENY-UNIVERSAL-DAPRENENTATGE-PER-A-L-ALUMNAT-AMB-ALTES-CAPACITATS-3-1086x1536.png 1086w, https:\/\/actef.es\/wp-content\/uploads\/2025\/09\/PROGRAMACIO-MULTINIVELL-I-DISSENY-UNIVERSAL-DAPRENENTATGE-PER-A-L-ALUMNAT-AMB-ALTES-CAPACITATS-3.png 1414w\" sizes=\"auto, (max-width: 724px) 100vw, 724px\" \/><\/figure>\n\n\n\n<figure class=\"wp-block-image size-large\"><img loading=\"lazy\" decoding=\"async\" width=\"724\" height=\"1024\" data-id=\"4352\" src=\"https:\/\/actef.es\/wp-content\/uploads\/2025\/08\/6-724x1024.png\" alt=\"\" class=\"wp-image-4352\" srcset=\"https:\/\/actef.es\/wp-content\/uploads\/2025\/08\/6-724x1024.png 724w, https:\/\/actef.es\/wp-content\/uploads\/2025\/08\/6-212x300.png 212w, https:\/\/actef.es\/wp-content\/uploads\/2025\/08\/6-768x1086.png 768w, https:\/\/actef.es\/wp-content\/uploads\/2025\/08\/6-1086x1536.png 1086w, https:\/\/actef.es\/wp-content\/uploads\/2025\/08\/6.png 1414w\" sizes=\"auto, (max-width: 724px) 100vw, 724px\" \/><\/figure>\n\n\n\n<figure class=\"wp-block-image size-large\"><img loading=\"lazy\" decoding=\"async\" width=\"724\" height=\"1024\" data-id=\"4646\" src=\"https:\/\/actef.es\/wp-content\/uploads\/2025\/09\/PROGRAMACIO-MULTINIVELL-I-DISSENY-UNIVERSAL-DAPRENENTATGE-PER-A-L-ALUMNAT-AMB-ALTES-CAPACITATS-2-724x1024.png\" alt=\"\" class=\"wp-image-4646\" srcset=\"https:\/\/actef.es\/wp-content\/uploads\/2025\/09\/PROGRAMACIO-MULTINIVELL-I-DISSENY-UNIVERSAL-DAPRENENTATGE-PER-A-L-ALUMNAT-AMB-ALTES-CAPACITATS-2-724x1024.png 724w, https:\/\/actef.es\/wp-content\/uploads\/2025\/09\/PROGRAMACIO-MULTINIVELL-I-DISSENY-UNIVERSAL-DAPRENENTATGE-PER-A-L-ALUMNAT-AMB-ALTES-CAPACITATS-2-212x300.png 212w, https:\/\/actef.es\/wp-content\/uploads\/2025\/09\/PROGRAMACIO-MULTINIVELL-I-DISSENY-UNIVERSAL-DAPRENENTATGE-PER-A-L-ALUMNAT-AMB-ALTES-CAPACITATS-2-768x1086.png 768w, https:\/\/actef.es\/wp-content\/uploads\/2025\/09\/PROGRAMACIO-MULTINIVELL-I-DISSENY-UNIVERSAL-DAPRENENTATGE-PER-A-L-ALUMNAT-AMB-ALTES-CAPACITATS-2-1086x1536.png 1086w, https:\/\/actef.es\/wp-content\/uploads\/2025\/09\/PROGRAMACIO-MULTINIVELL-I-DISSENY-UNIVERSAL-DAPRENENTATGE-PER-A-L-ALUMNAT-AMB-ALTES-CAPACITATS-2.png 1414w\" sizes=\"auto, (max-width: 724px) 100vw, 724px\" \/><\/figure>\n\n\n\n<figure class=\"wp-block-image size-large\"><img loading=\"lazy\" decoding=\"async\" width=\"724\" height=\"1024\" data-id=\"4344\" src=\"https:\/\/actef.es\/wp-content\/uploads\/2025\/08\/2-724x1024.png\" alt=\"\" class=\"wp-image-4344\" srcset=\"https:\/\/actef.es\/wp-content\/uploads\/2025\/08\/2-724x1024.png 724w, https:\/\/actef.es\/wp-content\/uploads\/2025\/08\/2-212x300.png 212w, https:\/\/actef.es\/wp-content\/uploads\/2025\/08\/2-768x1086.png 768w, https:\/\/actef.es\/wp-content\/uploads\/2025\/08\/2-1086x1536.png 1086w, https:\/\/actef.es\/wp-content\/uploads\/2025\/08\/2.png 1414w\" sizes=\"auto, (max-width: 724px) 100vw, 724px\" \/><\/figure>\n<\/figure>\n\n\n\n<div class=\"wp-block-stackable-text stk-block-text stk-block stk-a4e414a\" data-block-id=\"a4e414a\"><p class=\"stk-block-text__text\"><strong>Amb la col\u00b7laboraci\u00f3 de:<\/strong><\/p><\/div>\n\n\n\n<figure class=\"wp-block-image size-large\"><img loading=\"lazy\" decoding=\"async\" width=\"1024\" height=\"258\" src=\"https:\/\/actef.es\/wp-content\/uploads\/2026\/05\/Colaboradores-scaled_1-1024x258.png\" alt=\"\" class=\"wp-image-6332\" srcset=\"https:\/\/actef.es\/wp-content\/uploads\/2026\/05\/Colaboradores-scaled_1-1024x258.png 1024w, https:\/\/actef.es\/wp-content\/uploads\/2026\/05\/Colaboradores-scaled_1-300x76.png 300w, https:\/\/actef.es\/wp-content\/uploads\/2026\/05\/Colaboradores-scaled_1-768x194.png 768w, https:\/\/actef.es\/wp-content\/uploads\/2026\/05\/Colaboradores-scaled_1-1536x388.png 1536w, https:\/\/actef.es\/wp-content\/uploads\/2026\/05\/Colaboradores-scaled_1-2048x517.png 2048w\" sizes=\"auto, (max-width: 1024px) 100vw, 1024px\" \/><\/figure>\n","protected":false},"excerpt":{"rendered":"<p>Formaci\u00f3 Homologada: Atenci\u00f3 a l&#8217;Altes Capacitats a l&#8217;Aula Inclusiva La Conselleria d\u2019Educaci\u00f3 del Govern Balear ha homologat una nova formaci\u00f3 especialitzada adre\u00e7ada al professorat comprom\u00e8s amb la inclusi\u00f3 educativa. Aquesta formaci\u00f3 ser\u00e0 impartida per ACTEF (Associaci\u00f3 Cultural i Tecnol\u00f2gica d\u2019Educaci\u00f3 i Formaci\u00f3), entitat reconeguda per la seva tasca en el desenvolupament professional docent. El curs &#8230; <a title=\"Formacions 2025\/2026\" class=\"read-more\" href=\"https:\/\/actef.es\/web\/formaciones\/?lang=ca\" aria-label=\"Leer m\u00e1s sobre Formacions 2025\/2026\">Leer m\u00e1s<\/a><\/p>\n","protected":false},"author":2,"featured_media":0,"parent":0,"menu_order":0,"comment_status":"open","ping_status":"closed","template":"","meta":{"advgb_blocks_editor_width":"large","advgb_blocks_columns_visual_guide":"","footnotes":""},"class_list":["post-2552","page","type-page","status-publish"],"featured_image_urls_v2":{"full":"","thumbnail":"","medium":"","medium_large":"","large":"","1536x1536":"","2048x2048":""},"post_excerpt_stackable_v2":"<p>Formaci\u00f3 Homologada: Atenci\u00f3 a l&#8217;Altes Capacitats a l&#8217;Aula Inclusiva La Conselleria d\u2019Educaci\u00f3 del Govern Balear ha homologat una nova formaci\u00f3 especialitzada adre\u00e7ada al professorat comprom\u00e8s amb la inclusi\u00f3 educativa. Aquesta formaci\u00f3 ser\u00e0 impartida per ACTEF (Associaci\u00f3 Cultural i Tecnol\u00f2gica d\u2019Educaci\u00f3 i Formaci\u00f3), entitat reconeguda per la seva tasca en el desenvolupament professional docent. El curs se centra en l\u2019atenci\u00f3 educativa a l\u2019alumnat amb Altes Capacitats, i ofereix estrat\u00e8gies pr\u00e0ctiques i recursos pedag\u00f2gics per fomentar una aula inclusiva que respongui a la diversitat. Mitjan\u00e7ant aquesta formaci\u00f3, els participants adquiriran eines per identificar, comprendre i acompanyar el potencial d\u2019aquests alumnes, afavorint el&hellip;<\/p>\n","category_list_v2":"","author_info_v2":{"name":"Esperanza Marqu\u00e8s","url":"https:\/\/actef.es\/web\/author\/esperanza\/"},"comments_num_v2":"0 comentarios","coauthors":[],"author_meta":{"author_link":"https:\/\/actef.es\/web\/author\/esperanza\/","display_name":"Esperanza Marqu\u00e8s"},"relative_dates":{"created":"Publicado 3 a\u00f1os hace","modified":"Actualizado 6 d\u00edas hace"},"absolute_dates":{"created":"Publicado el 10 agosto 2023","modified":"Actualizado el 1 mayo 2026"},"absolute_dates_time":{"created":"Publicado el 10 agosto 2023 07:28","modified":"Actualizado el 1 mayo 2026 13:33"},"featured_img_caption":"","featured_img":false,"series_order":"","_links":{"self":[{"href":"https:\/\/actef.es\/web\/wp-json\/wp\/v2\/pages\/2552","targetHints":{"allow":["GET"]}}],"collection":[{"href":"https:\/\/actef.es\/web\/wp-json\/wp\/v2\/pages"}],"about":[{"href":"https:\/\/actef.es\/web\/wp-json\/wp\/v2\/types\/page"}],"author":[{"embeddable":true,"href":"https:\/\/actef.es\/web\/wp-json\/wp\/v2\/users\/2"}],"replies":[{"embeddable":true,"href":"https:\/\/actef.es\/web\/wp-json\/wp\/v2\/comments?post=2552"}],"version-history":[{"count":24,"href":"https:\/\/actef.es\/web\/wp-json\/wp\/v2\/pages\/2552\/revisions"}],"predecessor-version":[{"id":6336,"href":"https:\/\/actef.es\/web\/wp-json\/wp\/v2\/pages\/2552\/revisions\/6336"}],"wp:attachment":[{"href":"https:\/\/actef.es\/web\/wp-json\/wp\/v2\/media?parent=2552"}],"curies":[{"name":"wp","href":"https:\/\/api.w.org\/{rel}","templated":true}]}}