{"id":334,"date":"2020-07-19T09:58:02","date_gmt":"2020-07-19T09:58:02","guid":{"rendered":"http:\/\/actef.es\/web\/?page_id=334"},"modified":"2026-04-07T11:45:33","modified_gmt":"2026-04-07T09:45:33","slug":"asociate","status":"publish","type":"page","link":"https:\/\/actef.es\/web\/asociate\/","title":{"rendered":"As\u00f3ciate"},"content":{"rendered":"\n<p>Los asociados de ACTEF gozan de una serie de ventajas y servicios de entre los que se pueden destacar los siguientes:<\/p>\n\n\n\n<div class=\"wp-block-kadence-iconlist kt-svg-icon-list-items kt-svg-icon-list-items334_6fb110-b7 kt-svg-icon-list-columns-1 alignnone\"><ul class=\"kt-svg-icon-list\">\n<li class=\"wp-block-kadence-listitem kt-svg-icon-list-item-wrap kt-svg-icon-list-item-334_5d9fa9-cf kt-svg-icon-list-style-default\"><span class=\"kb-svg-icon-wrap kb-svg-icon-fe_checkSquare kt-svg-icon-list-single\"><svg viewBox=\"0 0 24 24\"  fill=\"none\" stroke=\"currentColor\" stroke-width=\"2\" stroke-linecap=\"round\" stroke-linejoin=\"round\" xmlns=\"http:\/\/www.w3.org\/2000\/svg\"  aria-hidden=\"true\"><polyline points=\"9 11 12 14 22 4\"\/><path d=\"M21 12v7a2 2 0 0 1-2 2H5a2 2 0 0 1-2-2V5a2 2 0 0 1 2-2h11\"\/><\/svg><\/span><span class=\"kt-svg-icon-list-text\">Asesoramiento a las familias sean o no asociadas.<\/span><\/li>\n\n\n\n<li class=\"wp-block-kadence-listitem kt-svg-icon-list-item-wrap kt-svg-icon-list-item-334_07de9e-b1 kt-svg-icon-list-style-default\"><span class=\"kb-svg-icon-wrap kb-svg-icon-fe_checkSquare kt-svg-icon-list-single\"><svg viewBox=\"0 0 24 24\"  fill=\"none\" stroke=\"currentColor\" stroke-width=\"2\" stroke-linecap=\"round\" stroke-linejoin=\"round\" xmlns=\"http:\/\/www.w3.org\/2000\/svg\"  aria-hidden=\"true\"><polyline points=\"9 11 12 14 22 4\"\/><path d=\"M21 12v7a2 2 0 0 1-2 2H5a2 2 0 0 1-2-2V5a2 2 0 0 1 2-2h11\"\/><\/svg><\/span><span class=\"kt-svg-icon-list-text\">Atenci\u00f3n de las personas dotadas de ACI.<\/span><\/li>\n\n\n\n<li class=\"wp-block-kadence-listitem kt-svg-icon-list-item-wrap kt-svg-icon-list-item-334_5ab0e8-c1 kt-svg-icon-list-style-default\"><span class=\"kb-svg-icon-wrap kb-svg-icon-fe_checkSquare kt-svg-icon-list-single\"><svg viewBox=\"0 0 24 24\"  fill=\"none\" stroke=\"currentColor\" stroke-width=\"2\" stroke-linecap=\"round\" stroke-linejoin=\"round\" xmlns=\"http:\/\/www.w3.org\/2000\/svg\"  aria-hidden=\"true\"><polyline points=\"9 11 12 14 22 4\"\/><path d=\"M21 12v7a2 2 0 0 1-2 2H5a2 2 0 0 1-2-2V5a2 2 0 0 1 2-2h11\"\/><\/svg><\/span><span class=\"kt-svg-icon-list-text\">Equipo especializado en valoraciones de ACI.<\/span><\/li>\n\n\n\n<li class=\"wp-block-kadence-listitem kt-svg-icon-list-item-wrap kt-svg-icon-list-item-334_1101d5-59 kt-svg-icon-list-style-default\"><span class=\"kb-svg-icon-wrap kb-svg-icon-fe_checkSquare kt-svg-icon-list-single\"><svg viewBox=\"0 0 24 24\"  fill=\"none\" stroke=\"currentColor\" stroke-width=\"2\" stroke-linecap=\"round\" stroke-linejoin=\"round\" xmlns=\"http:\/\/www.w3.org\/2000\/svg\"  aria-hidden=\"true\"><polyline points=\"9 11 12 14 22 4\"\/><path d=\"M21 12v7a2 2 0 0 1-2 2H5a2 2 0 0 1-2-2V5a2 2 0 0 1 2-2h11\"\/><\/svg><\/span><span class=\"kt-svg-icon-list-text\">Programas de enriquecimiento curricular, de ocio y sociales<\/span><\/li>\n\n\n\n<li class=\"wp-block-kadence-listitem kt-svg-icon-list-item-wrap kt-svg-icon-list-item-334_6476ce-de kt-svg-icon-list-style-default\"><span class=\"kb-svg-icon-wrap kb-svg-icon-fe_checkSquare kt-svg-icon-list-single\"><svg viewBox=\"0 0 24 24\"  fill=\"none\" stroke=\"currentColor\" stroke-width=\"2\" stroke-linecap=\"round\" stroke-linejoin=\"round\" xmlns=\"http:\/\/www.w3.org\/2000\/svg\"  aria-hidden=\"true\"><polyline points=\"9 11 12 14 22 4\"\/><path d=\"M21 12v7a2 2 0 0 1-2 2H5a2 2 0 0 1-2-2V5a2 2 0 0 1 2-2h11\"\/><\/svg><\/span><span class=\"kt-svg-icon-list-text\">Asesoramiento psicol\u00f3gico a un precio simb\u00f3lico por parte de las profesionales de ACTEF.<\/span><\/li>\n\n\n\n<li class=\"wp-block-kadence-listitem kt-svg-icon-list-item-wrap kt-svg-icon-list-item-334_0c6299-42 kt-svg-icon-list-style-default\"><span class=\"kb-svg-icon-wrap kb-svg-icon-fe_checkSquare kt-svg-icon-list-single\"><svg viewBox=\"0 0 24 24\"  fill=\"none\" stroke=\"currentColor\" stroke-width=\"2\" stroke-linecap=\"round\" stroke-linejoin=\"round\" xmlns=\"http:\/\/www.w3.org\/2000\/svg\"  aria-hidden=\"true\"><polyline points=\"9 11 12 14 22 4\"\/><path d=\"M21 12v7a2 2 0 0 1-2 2H5a2 2 0 0 1-2-2V5a2 2 0 0 1 2-2h11\"\/><\/svg><\/span><span class=\"kt-svg-icon-list-text\">Centro juvenil ACI.<\/span><\/li>\n\n\n\n<li class=\"wp-block-kadence-listitem kt-svg-icon-list-item-wrap kt-svg-icon-list-item-334_38ff07-2a kt-svg-icon-list-style-default\"><span class=\"kb-svg-icon-wrap kb-svg-icon-fe_checkSquare kt-svg-icon-list-single\"><svg viewBox=\"0 0 24 24\"  fill=\"none\" stroke=\"currentColor\" stroke-width=\"2\" stroke-linecap=\"round\" stroke-linejoin=\"round\" xmlns=\"http:\/\/www.w3.org\/2000\/svg\"  aria-hidden=\"true\"><polyline points=\"9 11 12 14 22 4\"\/><path d=\"M21 12v7a2 2 0 0 1-2 2H5a2 2 0 0 1-2-2V5a2 2 0 0 1 2-2h11\"\/><\/svg><\/span><span class=\"kt-svg-icon-list-text\">Informaci\u00f3n peri\u00f3dica sobre becas y otras ayudas concedidas por organismos oficiales.<\/span><\/li>\n\n\n\n<li class=\"wp-block-kadence-listitem kt-svg-icon-list-item-wrap kt-svg-icon-list-item-334_1cdfe0-5f kt-svg-icon-list-style-default\"><span class=\"kb-svg-icon-wrap kb-svg-icon-fe_checkSquare kt-svg-icon-list-single\"><svg viewBox=\"0 0 24 24\"  fill=\"none\" stroke=\"currentColor\" stroke-width=\"2\" stroke-linecap=\"round\" stroke-linejoin=\"round\" xmlns=\"http:\/\/www.w3.org\/2000\/svg\"  aria-hidden=\"true\"><polyline points=\"9 11 12 14 22 4\"\/><path d=\"M21 12v7a2 2 0 0 1-2 2H5a2 2 0 0 1-2-2V5a2 2 0 0 1 2-2h11\"\/><\/svg><\/span><span class=\"kt-svg-icon-list-text\">Organizaci\u00f3n de jornadas, reuniones y encuentros  organizados por la asociaci\u00f3n.<\/span><\/li>\n\n\n\n<li class=\"wp-block-kadence-listitem kt-svg-icon-list-item-wrap kt-svg-icon-list-item-334_69f1ad-36 kt-svg-icon-list-style-default\"><span class=\"kb-svg-icon-wrap kb-svg-icon-fe_checkSquare kt-svg-icon-list-single\"><svg viewBox=\"0 0 24 24\"  fill=\"none\" stroke=\"currentColor\" stroke-width=\"2\" stroke-linecap=\"round\" stroke-linejoin=\"round\" xmlns=\"http:\/\/www.w3.org\/2000\/svg\"  aria-hidden=\"true\"><polyline points=\"9 11 12 14 22 4\"\/><path d=\"M21 12v7a2 2 0 0 1-2 2H5a2 2 0 0 1-2-2V5a2 2 0 0 1 2-2h11\"\/><\/svg><\/span><span class=\"kt-svg-icon-list-text\">Charlas informativas para las familias<\/span><\/li>\n\n\n\n<li class=\"wp-block-kadence-listitem kt-svg-icon-list-item-wrap kt-svg-icon-list-item-334_11a8dd-60 kt-svg-icon-list-style-default\"><span class=\"kb-svg-icon-wrap kb-svg-icon-fe_checkSquare kt-svg-icon-list-single\"><svg viewBox=\"0 0 24 24\"  fill=\"none\" stroke=\"currentColor\" stroke-width=\"2\" stroke-linecap=\"round\" stroke-linejoin=\"round\" xmlns=\"http:\/\/www.w3.org\/2000\/svg\"  aria-hidden=\"true\"><polyline points=\"9 11 12 14 22 4\"\/><path d=\"M21 12v7a2 2 0 0 1-2 2H5a2 2 0 0 1-2-2V5a2 2 0 0 1 2-2h11\"\/><\/svg><\/span><span class=\"kt-svg-icon-list-text\">Formaci\u00f3n con acreditaci\u00f3n para el profesorado.<\/span><\/li>\n\n\n\n<li class=\"wp-block-kadence-listitem kt-svg-icon-list-item-wrap kt-svg-icon-list-item-334_b4edb6-f6 kt-svg-icon-list-style-default\"><span class=\"kb-svg-icon-wrap kb-svg-icon-fe_checkSquare kt-svg-icon-list-single\"><svg viewBox=\"0 0 24 24\"  fill=\"none\" stroke=\"currentColor\" stroke-width=\"2\" stroke-linecap=\"round\" stroke-linejoin=\"round\" xmlns=\"http:\/\/www.w3.org\/2000\/svg\"  aria-hidden=\"true\"><polyline points=\"9 11 12 14 22 4\"\/><path d=\"M21 12v7a2 2 0 0 1-2 2H5a2 2 0 0 1-2-2V5a2 2 0 0 1 2-2h11\"\/><\/svg><\/span><span class=\"kt-svg-icon-list-text\">Charlas informativas para profesores en los centros escolares.<\/span><\/li>\n<\/ul><\/div>\n\n\n\n<div class=\"wp-block-kadence-infobox kt-info-box334_fbb3df-66\"><span class=\"kt-blocks-info-box-link-wrap info-box-link kt-blocks-info-box-media-align-left kt-info-halign-left\"><div class=\"kt-blocks-info-box-media-container\"><div class=\"kt-blocks-info-box-media kt-info-media-animate-none\"><div class=\"kadence-info-box-icon-container kt-info-icon-animate-none\"><div class=\"kadence-info-box-icon-inner-container\"><span class=\"kb-svg-icon-wrap kb-svg-icon-fe_mail kt-info-svg-icon\"><svg viewBox=\"0 0 24 24\"  fill=\"none\" stroke=\"currentColor\" stroke-width=\"2\" stroke-linecap=\"round\" stroke-linejoin=\"round\" xmlns=\"http:\/\/www.w3.org\/2000\/svg\"  aria-hidden=\"true\"><path d=\"M4 4h16c1.1 0 2 .9 2 2v12c0 1.1-.9 2-2 2H4c-1.1 0-2-.9-2-2V6c0-1.1.9-2 2-2z\"\/><polyline points=\"22,6 12,13 2,6\"\/><\/svg><\/span><\/div><\/div><\/div><\/div><div class=\"kt-infobox-textcontent\"><h2 class=\"kt-blocks-info-box-title\">info@actef.es<\/h2><p class=\"kt-blocks-info-box-text\">Puedes asociarte solicitando la documentaci\u00f3n a nuestro correo electr\u00f3nico  o a trav\u00e9s del formulario que hay en la pesta\u00f1a <strong>Contacto<\/strong><\/p><\/div><\/span><\/div>\n\n\n\n<div class=\"wp-block-file\"><a href=\"http:\/\/actef.es\/wp-content\/uploads\/2021\/09\/\u00bfComo-hacerte-soci@-de-actef.pdf\">\u00bfC\u00f3mo hacerte soci@ de actef<\/a><a href=\"http:\/\/actef.es\/wp-content\/uploads\/2021\/09\/\u00bfComo-hacerte-soci@-de-actef.pdf\" class=\"wp-block-file__button wp-element-button\" download>Descarga<\/a><\/div>\n\n\n\n<p>Una vez la solicitud llegue a la asociaci\u00f3n la junta directiva y seg\u00fan costa en los estatutos en la siguiente reuni\u00f3n aprobar\u00e1 su admisi\u00f3n.<\/p>\n\n\n\n<p>Al ser admitido debe realizarse un ingreso de 10\u20ac en cualquier oficina de La Caixa en la cuenta que la asociaci\u00f3n le facilitar\u00e1 como cuota inicial de alta. Seguidamente tendr\u00e1 15 d\u00edas h\u00e1biles para hacer efectivo un ingreso de 36\u20ac trimestrales, eligiendo la forma de pago que m\u00e1s se adapte a las posibilidades.<\/p>\n\n\n\n<p class=\"has-text-align-center\"><strong>48 \u20ac por cuatrimestre<\/strong><\/p>\n\n\n\n<p class=\"has-text-align-center\"><strong>144 \u20ac por a\u00f1o<\/strong><\/p>\n\n\n\n<p>Puede domiciliar sus pagos rellenando este documento y haci\u00e9ndolo llegar a la asociaci\u00f3n: info@actef.es<\/p>\n\n\n\n<p>Al hacer el ingreso deber\u00e1 constar el nombre  de la persona adulta que representa a la familia que se quiere asociar.<\/p>\n<style class=\"advgb-styles-renderer\">.wp-block-kadence-iconlist.kt-svg-icon-list-items334_6fb110-b7:not(.this-stops-third-party-issues){margin-top:0px;margin-bottom:0px;}.wp-block-kadence-iconlist.kt-svg-icon-list-items334_6fb110-b7 ul.kt-svg-icon-list:not(.this-prevents-issues):not(.this-stops-third-party-issues):not(.tijsloc){margin-top:0px;margin-right:0px;margin-bottom:10px;margin-left:0px;}.wp-block-kadence-iconlist.kt-svg-icon-list-items334_6fb110-b7 ul.kt-svg-icon-list{grid-row-gap:5px;}.wp-block-kadence-iconlist.kt-svg-icon-list-items334_6fb110-b7 ul.kt-svg-icon-list .kt-svg-icon-list-item-wrap .kt-svg-icon-list-single{margin-right:10px;}.kt-svg-icon-list-item-334_5d9fa9-cf .kt-svg-icon-list-single{font-size:20px !important;color:#64bae8 !important;}.kt-svg-icon-list-item-334_5d9fa9-cf .kt-svg-icon-list-text mark.kt-highlight{background-color:unset;font-style:normal;color:#f76a0c;-webkit-box-decoration-break:clone;box-decoration-break:clone;padding-top:0px;padding-right:0px;padding-bottom:0px;padding-left:0px;}.kt-svg-icon-list-item-334_07de9e-b1 .kt-svg-icon-list-single{font-size:20px !important;color:#64bae8 !important;}.kt-svg-icon-list-item-334_07de9e-b1 .kt-svg-icon-list-text mark.kt-highlight{background-color:unset;font-style:normal;color:#f76a0c;-webkit-box-decoration-break:clone;box-decoration-break:clone;padding-top:0px;padding-right:0px;padding-bottom:0px;padding-left:0px;}.kt-svg-icon-list-item-334_5ab0e8-c1 .kt-svg-icon-list-single{font-size:20px !important;color:#64bae8 !important;}.kt-svg-icon-list-item-334_5ab0e8-c1 .kt-svg-icon-list-text mark.kt-highlight{background-color:unset;font-style:normal;color:#f76a0c;-webkit-box-decoration-break:clone;box-decoration-break:clone;padding-top:0px;padding-right:0px;padding-bottom:0px;padding-left:0px;}.kt-svg-icon-list-item-334_1101d5-59 .kt-svg-icon-list-single{font-size:20px !important;color:#64bae8 !important;}.kt-svg-icon-list-item-334_1101d5-59 .kt-svg-icon-list-text mark.kt-highlight{background-color:unset;font-style:normal;color:#f76a0c;-webkit-box-decoration-break:clone;box-decoration-break:clone;padding-top:0px;padding-right:0px;padding-bottom:0px;padding-left:0px;}.kt-svg-icon-list-item-334_6476ce-de .kt-svg-icon-list-single{font-size:20px !important;color:#64bae8 !important;}.kt-svg-icon-list-item-334_6476ce-de .kt-svg-icon-list-text mark.kt-highlight{background-color:unset;font-style:normal;color:#f76a0c;-webkit-box-decoration-break:clone;box-decoration-break:clone;padding-top:0px;padding-right:0px;padding-bottom:0px;padding-left:0px;}.kt-svg-icon-list-item-334_0c6299-42 .kt-svg-icon-list-single{font-size:20px !important;color:#64bae8 !important;}.kt-svg-icon-list-item-334_0c6299-42 .kt-svg-icon-list-text mark.kt-highlight{background-color:unset;font-style:normal;color:#f76a0c;-webkit-box-decoration-break:clone;box-decoration-break:clone;padding-top:0px;padding-right:0px;padding-bottom:0px;padding-left:0px;}.kt-svg-icon-list-item-334_38ff07-2a .kt-svg-icon-list-single{font-size:20px !important;color:#64bae8 !important;}.kt-svg-icon-list-item-334_38ff07-2a .kt-svg-icon-list-text mark.kt-highlight{background-color:unset;font-style:normal;color:#f76a0c;-webkit-box-decoration-break:clone;box-decoration-break:clone;padding-top:0px;padding-right:0px;padding-bottom:0px;padding-left:0px;}.kt-svg-icon-list-item-334_1cdfe0-5f .kt-svg-icon-list-single{font-size:20px !important;color:#64bae8 !important;}.kt-svg-icon-list-item-334_1cdfe0-5f .kt-svg-icon-list-text mark.kt-highlight{background-color:unset;font-style:normal;color:#f76a0c;-webkit-box-decoration-break:clone;box-decoration-break:clone;padding-top:0px;padding-right:0px;padding-bottom:0px;padding-left:0px;}.kt-svg-icon-list-item-334_69f1ad-36 .kt-svg-icon-list-single{font-size:20px !important;color:#64bae8 !important;}.kt-svg-icon-list-item-334_69f1ad-36 .kt-svg-icon-list-text mark.kt-highlight{background-color:unset;font-style:normal;color:#f76a0c;-webkit-box-decoration-break:clone;box-decoration-break:clone;padding-top:0px;padding-right:0px;padding-bottom:0px;padding-left:0px;}.kt-svg-icon-list-item-334_11a8dd-60 .kt-svg-icon-list-single{font-size:20px !important;color:#64bae8 !important;}.kt-svg-icon-list-item-334_11a8dd-60 .kt-svg-icon-list-text mark.kt-highlight{background-color:unset;font-style:normal;color:#f76a0c;-webkit-box-decoration-break:clone;box-decoration-break:clone;padding-top:0px;padding-right:0px;padding-bottom:0px;padding-left:0px;}.kt-svg-icon-list-item-334_b4edb6-f6 .kt-svg-icon-list-single{font-size:20px !important;color:#64bae8 !important;}.kt-svg-icon-list-item-334_b4edb6-f6 .kt-svg-icon-list-text mark.kt-highlight{background-color:unset;font-style:normal;color:#f76a0c;-webkit-box-decoration-break:clone;box-decoration-break:clone;padding-top:0px;padding-right:0px;padding-bottom:0px;padding-left:0px;}.wp-block-kadence-column.kb-section-dir-horizontal > .kt-inside-inner-col > .kt-info-box334_fbb3df-66 .kt-blocks-info-box-link-wrap{max-width:unset;}.kt-info-box334_fbb3df-66 .kt-blocks-info-box-link-wrap{border-top:5px solid #79b7e3;border-right:5px solid #79b7e3;border-bottom:5px solid #79b7e3;border-left:5px solid #79b7e3;border-top-left-radius:20px;border-top-right-radius:20px;border-bottom-right-radius:20px;border-bottom-left-radius:20px;background:#ffffff;padding-top:24px;padding-right:24px;padding-bottom:24px;padding-left:24px;}.kt-info-box334_fbb3df-66 .kt-blocks-info-box-link-wrap:hover{background:#ffffff;}.kt-info-box334_fbb3df-66 .kadence-info-box-icon-container .kt-info-svg-icon, .kt-info-box334_fbb3df-66 .kt-info-svg-icon-flip, .kt-info-box334_fbb3df-66 .kt-blocks-info-box-number{font-size:50px;}.kt-info-box334_fbb3df-66 .kt-blocks-info-box-media{color:#444444;background:#ffffff;border-color:#79b7e3;border-radius:200px;border-top-width:5px;border-right-width:5px;border-bottom-width:5px;border-left-width:5px;padding-top:20px;padding-right:20px;padding-bottom:20px;padding-left:20px;margin-top:0px;margin-right:20px;margin-bottom:0px;margin-left:0px;}.kt-info-box334_fbb3df-66 .kt-blocks-info-box-media .kadence-info-box-image-intrisic img{border-radius:200px;}.kt-info-box334_fbb3df-66 .kt-blocks-info-box-link-wrap:hover .kt-blocks-info-box-media{color:#79b7e3;background:#ffffff;border-color:#eeeeee;}.kt-info-box334_fbb3df-66 .kt-infobox-textcontent h2.kt-blocks-info-box-title{padding-top:0px;padding-right:0px;padding-bottom:0px;padding-left:0px;margin-top:5px;margin-right:0px;margin-bottom:10px;margin-left:0px;}.kt-info-box334_fbb3df-66 .kt-infobox-textcontent .kt-blocks-info-box-text{color:#555555;}.kt-info-box334_fbb3df-66 .kt-blocks-info-box-learnmore{background:transparent;border-color:#555555;border-width:0px 0px 0px 0px;padding-top:4px;padding-right:8px;padding-bottom:4px;padding-left:8px;margin-top:10px;margin-right:0px;margin-bottom:10px;margin-left:0px;}.kt-info-box334_fbb3df-66 .kt-blocks-info-box-link-wrap:hover .kt-blocks-info-box-learnmore,.kt-info-box334_fbb3df-66 .kt-blocks-info-box-link-wrap .kt-blocks-info-box-learnmore:focus{color:#ffffff;background:#444444;border-color:#444444;}@media all and (max-width: 1024px){.kt-info-box334_fbb3df-66 .kt-blocks-info-box-link-wrap{border-top:5px solid #79b7e3;border-right:5px solid #79b7e3;border-bottom:5px solid #79b7e3;border-left:5px solid #79b7e3;}}@media all and (max-width: 767px){.kt-info-box334_fbb3df-66 .kt-blocks-info-box-link-wrap{border-top:5px solid #79b7e3;border-right:5px solid #79b7e3;border-bottom:5px solid #79b7e3;border-left:5px solid #79b7e3;}}<\/style>","protected":false},"excerpt":{"rendered":"<p>Los asociados de ACTEF gozan de una serie de ventajas y servicios de entre los que se pueden destacar los siguientes: Una vez la solicitud llegue a la asociaci\u00f3n la junta directiva y seg\u00fan costa en los estatutos en la siguiente reuni\u00f3n aprobar\u00e1 su admisi\u00f3n. Al ser admitido debe realizarse un ingreso de 10\u20ac en &#8230; <a title=\"As\u00f3ciate\" class=\"read-more\" href=\"https:\/\/actef.es\/web\/asociate\/\" aria-label=\"Leer m\u00e1s sobre As\u00f3ciate\">Leer m\u00e1s<\/a><\/p>\n","protected":false},"author":1,"featured_media":0,"parent":0,"menu_order":0,"comment_status":"closed","ping_status":"closed","template":"","meta":{"advgb_blocks_editor_width":"","advgb_blocks_columns_visual_guide":"","footnotes":""},"class_list":["post-334","page","type-page","status-publish"],"featured_image_urls_v2":{"full":"","thumbnail":"","medium":"","medium_large":"","large":"","1536x1536":"","2048x2048":""},"post_excerpt_stackable_v2":"<p>Los asociados de ACTEF gozan de una serie de ventajas y servicios de entre los que se pueden destacar los siguientes: Asesoramiento a las familias sean o no asociadas. Atenci\u00f3n de las personas dotadas de ACI. Equipo especializado en valoraciones de ACI. Programas de enriquecimiento curricular, de ocio y sociales Asesoramiento psicol\u00f3gico a un precio simb\u00f3lico por parte de las profesionales de ACTEF. Centro juvenil ACI. Informaci\u00f3n peri\u00f3dica sobre becas y otras ayudas concedidas por organismos oficiales. Organizaci\u00f3n de jornadas, reuniones y encuentros organizados por la asociaci\u00f3n. Charlas informativas para las familias Formaci\u00f3n con acreditaci\u00f3n para el profesorado. Charlas informativas&hellip;<\/p>\n","category_list_v2":"","author_info_v2":{"name":"actefwp","url":"https:\/\/actef.es\/web\/author\/actefwp\/"},"comments_num_v2":"0 comentarios","coauthors":[],"author_meta":{"author_link":"https:\/\/actef.es\/web\/author\/actefwp\/","display_name":"actefwp"},"relative_dates":{"created":"Publicado 6 a\u00f1os hace","modified":"Actualizado 1 mes hace"},"absolute_dates":{"created":"Publicado el 19 julio 2020","modified":"Actualizado el 7 abril 2026"},"absolute_dates_time":{"created":"Publicado el 19 julio 2020 09:58","modified":"Actualizado el 7 abril 2026 11:45"},"featured_img_caption":"","featured_img":false,"series_order":"","_links":{"self":[{"href":"https:\/\/actef.es\/web\/wp-json\/wp\/v2\/pages\/334","targetHints":{"allow":["GET"]}}],"collection":[{"href":"https:\/\/actef.es\/web\/wp-json\/wp\/v2\/pages"}],"about":[{"href":"https:\/\/actef.es\/web\/wp-json\/wp\/v2\/types\/page"}],"author":[{"embeddable":true,"href":"https:\/\/actef.es\/web\/wp-json\/wp\/v2\/users\/1"}],"replies":[{"embeddable":true,"href":"https:\/\/actef.es\/web\/wp-json\/wp\/v2\/comments?post=334"}],"version-history":[{"count":21,"href":"https:\/\/actef.es\/web\/wp-json\/wp\/v2\/pages\/334\/revisions"}],"predecessor-version":[{"id":6316,"href":"https:\/\/actef.es\/web\/wp-json\/wp\/v2\/pages\/334\/revisions\/6316"}],"wp:attachment":[{"href":"https:\/\/actef.es\/web\/wp-json\/wp\/v2\/media?parent=334"}],"curies":[{"name":"wp","href":"https:\/\/api.w.org\/{rel}","templated":true}]}}