{"id":5242,"date":"2025-11-25T12:38:22","date_gmt":"2025-11-25T10:38:22","guid":{"rendered":"https:\/\/actef.es\/web\/?page_id=5242"},"modified":"2025-11-26T11:40:36","modified_gmt":"2025-11-26T09:40:36","slug":"servicio-de-asesoramiento","status":"publish","type":"page","link":"https:\/\/actef.es\/web\/servicio-de-asesoramiento\/","title":{"rendered":"Servicio de asesoramiento"},"content":{"rendered":"\n<hr class=\"wp-block-separator has-alpha-channel-opacity\"\/>\n\n\n\n<h2 class=\"wp-block-heading\">Atenci\u00f3n a personas con dudas sobre las altas capacidades<\/h2>\n\n\n\n<p>Durante todo el a\u00f1o recibimos al rededor de 200 llamadas y visitas de personas el siguiente tipo de informaci\u00f3n:<\/p>\n\n\n\n<ul class=\"wp-block-list\">\n<li>C\u00f3mo identificar si un menor tiene altas capacidades,<\/li>\n\n\n\n<li>C\u00f3mo acompa\u00f1arlo en el entorno familiar,<\/li>\n\n\n\n<li>Qu\u00e9 actividades ofrece la asociaci\u00f3n.<\/li>\n<\/ul>\n\n\n\n<p>En la mayor\u00eda de casos se trata de personas que tienen cerca un ni\u00f1o o ni\u00f1a con altas capacidades y buscan orientaci\u00f3n para entenderlo mejor y saber c\u00f3mo tratar con \u00e9l o ella.<\/p>\n\n\n\n<p>Si tienes alguna consulta no dudes en llamarnos al: <\/p>\n\n\n<div class=\"wp-block-image\">\n<figure class=\"aligncenter size-large is-resized\"><img loading=\"lazy\" decoding=\"async\" width=\"1024\" height=\"326\" src=\"https:\/\/actef.es\/wp-content\/uploads\/2025\/11\/Texto-1024x326.png\" alt=\"\" class=\"wp-image-5290\" style=\"width:174px;height:auto\" srcset=\"https:\/\/actef.es\/wp-content\/uploads\/2025\/11\/Texto-1024x326.png 1024w, https:\/\/actef.es\/wp-content\/uploads\/2025\/11\/Texto-300x96.png 300w, https:\/\/actef.es\/wp-content\/uploads\/2025\/11\/Texto-768x245.png 768w, https:\/\/actef.es\/wp-content\/uploads\/2025\/11\/Texto-1536x489.png 1536w, https:\/\/actef.es\/wp-content\/uploads\/2025\/11\/Texto.png 1620w\" sizes=\"auto, (max-width: 1024px) 100vw, 1024px\" \/><\/figure>\n<\/div>\n\n\n<h2 class=\"wp-block-heading\">Atenci\u00f3n a nuestros socios<\/h2>\n\n\n\n<p>Las familias con ni\u00f1os y ni\u00f1as con altas capacidades suelen necesitar informaci\u00f3n, apoyo y orientaci\u00f3n para saber c\u00f3mo acompa\u00f1ar mejor a sus hijos. A lo largo del a\u00f1o, en ACTEF atendemos a la<strong>s m\u00e1s de 400 familias asociadas<\/strong>, ofreciendo respuestas personalizadas mediante sesiones individuales, llamadas telef\u00f3nicas o correos electr\u00f3nicos, seg\u00fan lo que cada familia prefiera o necesite.<\/p>\n\n\n\n<p>Las consultas que recibimos con m\u00e1s frecuencia son:<\/p>\n\n\n\n<ul class=\"wp-block-list\">\n<li>C\u00f3mo acompa\u00f1ar emocionalmente al menor en casa,<\/li>\n\n\n\n<li>C\u00f3mo comunicarse mejor con el centro educativo,<\/li>\n\n\n\n<li>C\u00f3mo participar en las actividades de la asociaci\u00f3n.<\/li>\n<\/ul>\n\n\n\n<p>Cuando detectamos que hay dificultades emocionales o psicol\u00f3gicas m\u00e1s profundas, derivamos directamente al <span style=\"color: #61b1ff;\" class=\"stk-highlight\"><strong><a href=\"https:\/\/actef.es\/web\/servicio-de-valoracion-aci\/\">servicio de psicolog\u00eda de ACTEF<\/a><\/strong><\/span>, que ofrece un apoyo m\u00e1s especializado.<br>Adem\u00e1s, tambi\u00e9n ofrecemos <strong>acompa\u00f1amiento para solicitar ayudas, becas y subsidios del Ministerio de Educaci\u00f3n<\/strong>, facilitando los tr\u00e1mites a las familias.<\/p>\n\n\n\n<p><\/p>\n\n\n\n<h3 class=\"wp-block-heading\"><strong>\u00bfA qui\u00e9n va dirigido?<\/strong><\/h3>\n\n\n\n<p>A todas las familias asociadas a ACTEF. Tambi\u00e9n pueden llamarnos al:<\/p>\n\n\n<div class=\"wp-block-image\">\n<figure class=\"aligncenter size-large is-resized\"><img loading=\"lazy\" decoding=\"async\" width=\"1024\" height=\"326\" src=\"https:\/\/actef.es\/wp-content\/uploads\/2025\/11\/Texto-1024x326.png\" alt=\"\" class=\"wp-image-5290\" style=\"width:174px;height:auto\" srcset=\"https:\/\/actef.es\/wp-content\/uploads\/2025\/11\/Texto-1024x326.png 1024w, https:\/\/actef.es\/wp-content\/uploads\/2025\/11\/Texto-300x96.png 300w, https:\/\/actef.es\/wp-content\/uploads\/2025\/11\/Texto-768x245.png 768w, https:\/\/actef.es\/wp-content\/uploads\/2025\/11\/Texto-1536x489.png 1536w, https:\/\/actef.es\/wp-content\/uploads\/2025\/11\/Texto.png 1620w\" sizes=\"auto, (max-width: 1024px) 100vw, 1024px\" \/><\/figure>\n<\/div>\n\n\n<p>Para consultas relativas a la administraci\u00f3n, llamar al tel\u00e9fono de la oficina:<\/p>\n\n\n<div class=\"wp-block-image\">\n<figure class=\"aligncenter size-large is-resized\"><img loading=\"lazy\" decoding=\"async\" width=\"1024\" height=\"314\" src=\"https:\/\/actef.es\/wp-content\/uploads\/2025\/11\/Texto-2-1024x314.png\" alt=\"\" class=\"wp-image-5295\" style=\"width:172px;height:auto\" srcset=\"https:\/\/actef.es\/wp-content\/uploads\/2025\/11\/Texto-2-1024x314.png 1024w, https:\/\/actef.es\/wp-content\/uploads\/2025\/11\/Texto-2-300x92.png 300w, https:\/\/actef.es\/wp-content\/uploads\/2025\/11\/Texto-2-768x235.png 768w, https:\/\/actef.es\/wp-content\/uploads\/2025\/11\/Texto-2-1536x470.png 1536w, https:\/\/actef.es\/wp-content\/uploads\/2025\/11\/Texto-2.png 1620w\" sizes=\"auto, (max-width: 1024px) 100vw, 1024px\" \/><\/figure>\n<\/div>\n\n\n<p><\/p>\n\n\n\n<h2 class=\"wp-block-heading\">Metodolog\u00eda: c\u00f3mo funciona el servicio<\/h2>\n\n\n\n<p>Las familias solicitan atenci\u00f3n mediante una llamada telef\u00f3nica. A partir de ah\u00ed, se agenda una <strong>sesi\u00f3n individual<\/strong> donde se ofrece orientaci\u00f3n y propuestas de soluci\u00f3n a corto y medio plazo.<\/p>\n\n\n\n<p>En los casos m\u00e1s complejos:<\/p>\n\n\n\n<ol class=\"wp-block-list\">\n<li>La psic\u00f3loga\/o realiza una <strong>primera entrevista con los padres<\/strong>.<\/li>\n\n\n\n<li>Posteriormente atiende al menor.<\/li>\n\n\n\n<li>Finalmente, se realiza una <strong>sesi\u00f3n de entrega de informaci\u00f3n<\/strong> con la familia, donde se explican los resultados y se proponen l\u00edneas de actuaci\u00f3n.<\/li>\n<\/ol>\n\n\n\n<p><\/p>\n\n\n\n<h2 class=\"wp-block-heading\">Programa \u201cFamilias Amigas\u201d<\/h2>\n\n\n\n<p>Para que las familias se sientan acompa\u00f1adas desde el primer d\u00eda, ACTEF ha creado el programa <strong>Familias Amigas<\/strong>, formado por un grupo de madres veteranas que han recibido formaci\u00f3n espec\u00edfica por parte de la asociaci\u00f3n.<\/p>\n\n\n\n<p>Estas voluntarias:<\/p>\n\n\n\n<ul class=\"wp-block-list\">\n<li>Ofrecen apoyo emocional durante el primer a\u00f1o de incorporaci\u00f3n,<\/li>\n\n\n\n<li>Comparten experiencias y consejos pr\u00e1cticos,<\/li>\n\n\n\n<li>Act\u00faan como un v\u00ednculo activo dentro de la comunidad ACTEF.<\/li>\n<\/ul>\n\n\n\n<p>Con el tiempo, este grupo se ha especializado especialmente en acompa\u00f1ar a familias: reci\u00e9n llegadas, con barreras ling\u00fc\u00edsticas o culturales, o con casos de doble excepcionalidad. Muchos centros educativos derivan directamente a estas familias a ACTEF para recibir asesoramiento especializado.<\/p>\n\n\n\n<p>La diversidad ling\u00fc\u00edstica, cultural y vital de nuestras voluntarias convierte al grupo en un <strong>pilar fundamental del apoyo comunitario de ACTEF<\/strong>.<\/p>\n\n\n<div class=\"wp-block-image\">\n<figure class=\"aligncenter size-large is-resized\"><img loading=\"lazy\" decoding=\"async\" width=\"1024\" height=\"1024\" src=\"https:\/\/actef.es\/wp-content\/uploads\/2025\/11\/8M-1-1024x1024.png\" alt=\"\" class=\"wp-image-5248\" style=\"width:514px;height:auto\" srcset=\"https:\/\/actef.es\/wp-content\/uploads\/2025\/11\/8M-1-1024x1024.png 1024w, https:\/\/actef.es\/wp-content\/uploads\/2025\/11\/8M-1-300x300.png 300w, https:\/\/actef.es\/wp-content\/uploads\/2025\/11\/8M-1-150x150.png 150w, https:\/\/actef.es\/wp-content\/uploads\/2025\/11\/8M-1-768x768.png 768w, https:\/\/actef.es\/wp-content\/uploads\/2025\/11\/8M-1.png 1350w\" sizes=\"auto, (max-width: 1024px) 100vw, 1024px\" \/><\/figure>\n<\/div>\n\n\n<p>Ll\u00e1manos y te derivaremos a nuestras familias amigas:<\/p>\n\n\n<div class=\"wp-block-image\">\n<figure class=\"aligncenter size-large is-resized\"><img loading=\"lazy\" decoding=\"async\" width=\"1024\" height=\"326\" src=\"https:\/\/actef.es\/wp-content\/uploads\/2025\/11\/Texto-1024x326.png\" alt=\"\" class=\"wp-image-5290\" style=\"width:174px;height:auto\" srcset=\"https:\/\/actef.es\/wp-content\/uploads\/2025\/11\/Texto-1024x326.png 1024w, https:\/\/actef.es\/wp-content\/uploads\/2025\/11\/Texto-300x96.png 300w, https:\/\/actef.es\/wp-content\/uploads\/2025\/11\/Texto-768x245.png 768w, https:\/\/actef.es\/wp-content\/uploads\/2025\/11\/Texto-1536x489.png 1536w, https:\/\/actef.es\/wp-content\/uploads\/2025\/11\/Texto.png 1620w\" sizes=\"auto, (max-width: 1024px) 100vw, 1024px\" \/><\/figure>\n<\/div>\n\n\n<p><\/p>\n\n\n\n<h1 class=\"wp-block-heading\"><span style=\"color: var(--contrast);\" class=\"stk-highlight\">Servicio de apoyo y orientaci\u00f3n en situaciones de riesgo o vulnerabilidad<\/span><\/h1>\n\n\n\n<hr class=\"wp-block-separator has-alpha-channel-opacity\"\/>\n\n\n\n<p>En ACTEF ofrecemos un servicio especializado para j\u00f3venes y sus familias que se encuentren en situaciones de riesgo o vulnerabilidad, ya sea en casa o en el centro educativo. El objetivo es proporcionar un espacio seguro, confidencial y de confianza donde puedan expresar sus inquietudes, recibir orientaci\u00f3n y encontrar apoyo profesional.<\/p>\n\n\n\n<p>Este servicio busca prevenir conductas de riesgo y facilitar una intervenci\u00f3n temprana en casos de conflicto, malestar emocional o situaciones de victimizaci\u00f3n.<\/p>\n\n\n\n<h2 class=\"wp-block-heading\"><span style=\"color: var(--contrast);\" class=\"stk-highlight\">\u00bfQui\u00e9n ofrece el servicio?<\/span><\/h2>\n\n\n\n<p>La atenci\u00f3n est\u00e1 a cargo de nuestra compa\u00f1era Nerea, crimin\u00f3loga, con m\u00e1ster en intervenci\u00f3n de menores, que ofrece disponibilidad por tel\u00e9fono y correo electr\u00f3nico.<\/p>\n\n\n<div class=\"wp-block-image\">\n<figure class=\"aligncenter size-large is-resized\"><img loading=\"lazy\" decoding=\"async\" width=\"1024\" height=\"245\" src=\"https:\/\/actef.es\/wp-content\/uploads\/2025\/11\/Texto-4-1024x245.png\" alt=\"\" class=\"wp-image-5304\" style=\"width:285px;height:auto\" srcset=\"https:\/\/actef.es\/wp-content\/uploads\/2025\/11\/Texto-4-1024x245.png 1024w, https:\/\/actef.es\/wp-content\/uploads\/2025\/11\/Texto-4-300x72.png 300w, https:\/\/actef.es\/wp-content\/uploads\/2025\/11\/Texto-4-768x184.png 768w, https:\/\/actef.es\/wp-content\/uploads\/2025\/11\/Texto-4-1536x368.png 1536w, https:\/\/actef.es\/wp-content\/uploads\/2025\/11\/Texto-4.png 1620w\" sizes=\"auto, (max-width: 1024px) 100vw, 1024px\" \/><\/figure>\n<\/div>\n\n\n<p>A trav\u00e9s de este canal, los usuarios pueden recibir asesoramiento, ser escuchados y obtener una primera gu\u00eda para actuar ante situaciones dif\u00edciles.<\/p>\n\n\n\n<p>En los casos que lo requieran, y cuando se detecta una problem\u00e1tica m\u00e1s grave, se realizar\u00e1 una derivaci\u00f3n directa al departamento de psicolog\u00eda de ACTEF para una intervenci\u00f3n m\u00e1s espec\u00edfica.<\/p>\n\n\n\n<p><\/p>\n\n\n<div class=\"wp-block-image\">\n<figure class=\"aligncenter size-large is-resized\"><img loading=\"lazy\" decoding=\"async\" width=\"1024\" height=\"1024\" src=\"https:\/\/actef.es\/wp-content\/uploads\/2025\/11\/Cartel-Nerea-1024x1024.png\" alt=\"\" class=\"wp-image-5311\" style=\"width:826px;height:auto\" srcset=\"https:\/\/actef.es\/wp-content\/uploads\/2025\/11\/Cartel-Nerea-1024x1024.png 1024w, https:\/\/actef.es\/wp-content\/uploads\/2025\/11\/Cartel-Nerea-300x300.png 300w, https:\/\/actef.es\/wp-content\/uploads\/2025\/11\/Cartel-Nerea-150x150.png 150w, https:\/\/actef.es\/wp-content\/uploads\/2025\/11\/Cartel-Nerea-768x768.png 768w, https:\/\/actef.es\/wp-content\/uploads\/2025\/11\/Cartel-Nerea.png 1080w\" sizes=\"auto, (max-width: 1024px) 100vw, 1024px\" \/><\/figure>\n<\/div>","protected":false},"excerpt":{"rendered":"<p>Atenci\u00f3n a personas con dudas sobre las altas capacidades Durante todo el a\u00f1o recibimos al rededor de 200 llamadas y visitas de personas el siguiente tipo de informaci\u00f3n: En la mayor\u00eda de casos se trata de personas que tienen cerca un ni\u00f1o o ni\u00f1a con altas capacidades y buscan orientaci\u00f3n para entenderlo mejor y saber &#8230; <a title=\"Servicio de asesoramiento\" class=\"read-more\" href=\"https:\/\/actef.es\/web\/servicio-de-asesoramiento\/\" aria-label=\"Leer m\u00e1s sobre Servicio de asesoramiento\">Leer m\u00e1s<\/a><\/p>\n","protected":false},"author":2,"featured_media":5250,"parent":0,"menu_order":0,"comment_status":"closed","ping_status":"closed","template":"","meta":{"advgb_blocks_editor_width":"","advgb_blocks_columns_visual_guide":"","footnotes":""},"class_list":["post-5242","page","type-page","status-publish","has-post-thumbnail"],"featured_image_urls_v2":{"full":["https:\/\/actef.es\/wp-content\/uploads\/2025\/11\/Diseno-sin-titulo-1-scaled.png",2560,691,false],"thumbnail":["https:\/\/actef.es\/wp-content\/uploads\/2025\/11\/Diseno-sin-titulo-1-150x150.png",150,150,true],"medium":["https:\/\/actef.es\/wp-content\/uploads\/2025\/11\/Diseno-sin-titulo-1-300x81.png",300,81,true],"medium_large":["https:\/\/actef.es\/wp-content\/uploads\/2025\/11\/Diseno-sin-titulo-1-768x207.png",768,207,true],"large":["https:\/\/actef.es\/wp-content\/uploads\/2025\/11\/Diseno-sin-titulo-1-1024x277.png",1024,277,true],"1536x1536":["https:\/\/actef.es\/wp-content\/uploads\/2025\/11\/Diseno-sin-titulo-1-1536x415.png",1536,415,true],"2048x2048":["https:\/\/actef.es\/wp-content\/uploads\/2025\/11\/Diseno-sin-titulo-1-2048x553.png",2048,553,true]},"post_excerpt_stackable_v2":"<p>Atenci\u00f3n a personas con dudas sobre las altas capacidades Durante todo el a\u00f1o recibimos al rededor de 200 llamadas y visitas de personas el siguiente tipo de informaci\u00f3n: C\u00f3mo identificar si un menor tiene altas capacidades, C\u00f3mo acompa\u00f1arlo en el entorno familiar, Qu\u00e9 actividades ofrece la asociaci\u00f3n. En la mayor\u00eda de casos se trata de personas que tienen cerca un ni\u00f1o o ni\u00f1a con altas capacidades y buscan orientaci\u00f3n para entenderlo mejor y saber c\u00f3mo tratar con \u00e9l o ella. Si tienes alguna consulta no dudes en llamarnos al: Atenci\u00f3n a nuestros socios Las familias con ni\u00f1os y ni\u00f1as con&hellip;<\/p>\n","category_list_v2":"","author_info_v2":{"name":"Esperanza Marqu\u00e8s","url":"https:\/\/actef.es\/web\/author\/esperanza\/"},"comments_num_v2":"0 comentarios","coauthors":[],"author_meta":{"author_link":"https:\/\/actef.es\/web\/author\/esperanza\/","display_name":"Esperanza Marqu\u00e8s"},"relative_dates":{"created":"Publicado 5 meses hace","modified":"Actualizado 5 meses hace"},"absolute_dates":{"created":"Publicado el 25 noviembre 2025","modified":"Actualizado el 26 noviembre 2025"},"absolute_dates_time":{"created":"Publicado el 25 noviembre 2025 12:38","modified":"Actualizado el 26 noviembre 2025 11:40"},"featured_img_caption":"","featured_img":"https:\/\/actef.es\/wp-content\/uploads\/2025\/11\/Diseno-sin-titulo-1-scaled.png","series_order":"","_links":{"self":[{"href":"https:\/\/actef.es\/web\/wp-json\/wp\/v2\/pages\/5242","targetHints":{"allow":["GET"]}}],"collection":[{"href":"https:\/\/actef.es\/web\/wp-json\/wp\/v2\/pages"}],"about":[{"href":"https:\/\/actef.es\/web\/wp-json\/wp\/v2\/types\/page"}],"author":[{"embeddable":true,"href":"https:\/\/actef.es\/web\/wp-json\/wp\/v2\/users\/2"}],"replies":[{"embeddable":true,"href":"https:\/\/actef.es\/web\/wp-json\/wp\/v2\/comments?post=5242"}],"version-history":[{"count":17,"href":"https:\/\/actef.es\/web\/wp-json\/wp\/v2\/pages\/5242\/revisions"}],"predecessor-version":[{"id":5323,"href":"https:\/\/actef.es\/web\/wp-json\/wp\/v2\/pages\/5242\/revisions\/5323"}],"wp:featuredmedia":[{"embeddable":true,"href":"https:\/\/actef.es\/web\/wp-json\/wp\/v2\/media\/5250"}],"wp:attachment":[{"href":"https:\/\/actef.es\/web\/wp-json\/wp\/v2\/media?parent=5242"}],"curies":[{"name":"wp","href":"https:\/\/api.w.org\/{rel}","templated":true}]}}