{"id":5314,"date":"2025-11-26T11:26:41","date_gmt":"2025-11-26T09:26:41","guid":{"rendered":"https:\/\/actef.es\/web\/?page_id=5314"},"modified":"2025-11-26T11:38:24","modified_gmt":"2025-11-26T09:38:24","slug":"servei-dassessorament","status":"publish","type":"page","link":"https:\/\/actef.es\/web\/servei-dassessorament\/?lang=ca","title":{"rendered":"Servei d\u2019assessorament"},"content":{"rendered":"\n<hr class=\"wp-block-separator has-alpha-channel-opacity\"\/>\n\n\n\n<h2 class=\"wp-block-heading\">Atenci\u00f3 a persones amb dubtes sobre les altes capacitats<\/h2>\n\n\n\n<p>Durant tot l\u2019any rebem al voltant de 200 trucades i visites de persones que busquen el seg\u00fcent tipus d\u2019informaci\u00f3:<\/p>\n\n\n\n<ul class=\"wp-block-list\">\n<li>Com identificar si un menor t\u00e9 altes capacitats,<\/li>\n\n\n\n<li>Com acompanyar-lo en l\u2019entorn familiar,<\/li>\n\n\n\n<li>Quines activitats ofereix l\u2019associaci\u00f3.<\/li>\n<\/ul>\n\n\n\n<p>En la majoria de casos es tracta de persones que tenen a prop un nen o una nena amb altes capacitats i busquen orientaci\u00f3 per entendre\u2019l millor i saber com tractar-lo.<\/p>\n\n\n\n<p>Si tens alguna consulta no dubtis a trucar-nos al:<\/p>\n\n\n<div class=\"wp-block-image\">\n<figure class=\"aligncenter size-large is-resized\"><img loading=\"lazy\" decoding=\"async\" width=\"1024\" height=\"326\" src=\"https:\/\/actef.es\/wp-content\/uploads\/2025\/11\/Texto-1024x326.png\" alt=\"\" class=\"wp-image-5291\" style=\"width:182px;height:auto\" srcset=\"https:\/\/actef.es\/wp-content\/uploads\/2025\/11\/Texto-1024x326.png 1024w, https:\/\/actef.es\/wp-content\/uploads\/2025\/11\/Texto-300x96.png 300w, https:\/\/actef.es\/wp-content\/uploads\/2025\/11\/Texto-768x245.png 768w, https:\/\/actef.es\/wp-content\/uploads\/2025\/11\/Texto-1536x489.png 1536w, https:\/\/actef.es\/wp-content\/uploads\/2025\/11\/Texto.png 1620w\" sizes=\"auto, (max-width: 1024px) 100vw, 1024px\" \/><\/figure>\n<\/div>\n\n\n<h2 class=\"wp-block-heading\">Atenci\u00f3 als nostres socis<\/h2>\n\n\n\n<p>Les fam\u00edlies amb nens i nenes amb altes capacitats solen necessitar informaci\u00f3, suport i orientaci\u00f3 per saber com acompanyar millor els seus fills. Al llarg de l\u2019any, a l\u2019ACTEF atenem les <strong>m\u00e9s de 400 fam\u00edlies associades<\/strong>, oferint respostes personalitzades mitjan\u00e7ant sessions individuals, trucades telef\u00f2niques o correus electr\u00f2nics, segons all\u00f2 que cada fam\u00edlia prefereixi o necessiti.<\/p>\n\n\n\n<p>Les consultes que rebem m\u00e9s sovint son:<\/p>\n\n\n\n<ul class=\"wp-block-list\">\n<li>Com acompanyar emocionalment el menor a casa,<\/li>\n\n\n\n<li>Com comunicar-se millor amb el centre educatiu,<\/li>\n\n\n\n<li>Com participar en les activitats de l\u2019associaci\u00f3.<\/li>\n<\/ul>\n\n\n\n<p>Quan detectem que hi ha dificultats emocionals o psicol\u00f2giques m\u00e9s profundes, derivem directament al <span style=\"color: var(--accent);\" class=\"stk-highlight\"><strong>servei de psicologia de l\u2019ACTEF<\/strong><\/span>, que ofereix un suport m\u00e9s especialitzat.<\/p>\n\n\n\n<p>A m\u00e9s, tamb\u00e9 oferim <strong>acompanyament per sol\u00b7licitar ajudes, beques i subsidis del Ministeri d\u2019Educaci\u00f3<\/strong>, facilitant els tr\u00e0mits a les fam\u00edlies.<\/p>\n\n\n\n<p><\/p>\n\n\n\n<h2 class=\"wp-block-heading\">A qui va dirigid?<\/h2>\n\n\n\n<p>A totes les fam\u00edlies associades a l\u2019ACTEF. Tamb\u00e9 ens poden trucar al:<\/p>\n\n\n<div class=\"wp-block-image\">\n<figure class=\"aligncenter size-large is-resized\"><img loading=\"lazy\" decoding=\"async\" width=\"1024\" height=\"326\" src=\"https:\/\/actef.es\/wp-content\/uploads\/2025\/11\/Texto-1024x326.png\" alt=\"\" class=\"wp-image-5291\" style=\"width:193px;height:auto\" srcset=\"https:\/\/actef.es\/wp-content\/uploads\/2025\/11\/Texto-1024x326.png 1024w, https:\/\/actef.es\/wp-content\/uploads\/2025\/11\/Texto-300x96.png 300w, https:\/\/actef.es\/wp-content\/uploads\/2025\/11\/Texto-768x245.png 768w, https:\/\/actef.es\/wp-content\/uploads\/2025\/11\/Texto-1536x489.png 1536w, https:\/\/actef.es\/wp-content\/uploads\/2025\/11\/Texto.png 1620w\" sizes=\"auto, (max-width: 1024px) 100vw, 1024px\" \/><\/figure>\n<\/div>\n\n\n<p>Per a consultes relatives a l\u2019administraci\u00f3, truqueu al tel\u00e8fon de l\u2019oficina:<\/p>\n\n\n<div class=\"wp-block-image\">\n<figure class=\"aligncenter size-large is-resized\"><img loading=\"lazy\" decoding=\"async\" width=\"1024\" height=\"314\" src=\"https:\/\/actef.es\/wp-content\/uploads\/2025\/11\/Texto-2-1024x314.png\" alt=\"\" class=\"wp-image-5296\" style=\"width:199px;height:auto\" srcset=\"https:\/\/actef.es\/wp-content\/uploads\/2025\/11\/Texto-2-1024x314.png 1024w, https:\/\/actef.es\/wp-content\/uploads\/2025\/11\/Texto-2-300x92.png 300w, https:\/\/actef.es\/wp-content\/uploads\/2025\/11\/Texto-2-768x235.png 768w, https:\/\/actef.es\/wp-content\/uploads\/2025\/11\/Texto-2-1536x470.png 1536w, https:\/\/actef.es\/wp-content\/uploads\/2025\/11\/Texto-2.png 1620w\" sizes=\"auto, (max-width: 1024px) 100vw, 1024px\" \/><\/figure>\n<\/div>\n\n\n<p><\/p>\n\n\n\n<h2 class=\"wp-block-heading\">Metodologia: com funciona el servei<\/h2>\n\n\n\n<p>Les fam\u00edlies sol\u00b7liciten atenci\u00f3 mitjan\u00e7ant una trucada telef\u00f2nica. A partir d\u2019aqu\u00ed, s\u2019agenda una sessi\u00f3 individual on s\u2019ofereix orientaci\u00f3 i propostes de soluci\u00f3 a curt i mitj\u00e0 termini.<\/p>\n\n\n\n<p>En els casos m\u00e9s complexos:<\/p>\n\n\n\n<ol class=\"wp-block-list\">\n<li>La psic\u00f2loga o el psic\u00f2leg realitza una primera entrevista amb els pares.<\/li>\n\n\n\n<li>Posteriorment, at\u00e9n el menor.<\/li>\n\n\n\n<li>Finalment, es fa una sessi\u00f3 de retorn d\u2019informaci\u00f3 amb la fam\u00edlia, on s\u2019expliquen els resultats i es proposen l\u00ednies d\u2019actuaci\u00f3.<\/li>\n<\/ol>\n\n\n\n<p><\/p>\n\n\n\n<h2 class=\"wp-block-heading\">Programa \u201cFam\u00edlies Amigues\u201d<\/h2>\n\n\n\n<p>Perqu\u00e8 les fam\u00edlies es sentin acompanyades des del primer dia, A ACTEF hem creat el programa <strong>Fam\u00edlies Amigues<\/strong>, format per un grup de mares veteranes que han rebut formaci\u00f3 espec\u00edfica per part de l\u2019associaci\u00f3.<\/p>\n\n\n\n<p>Aquestes volunt\u00e0ries:<\/p>\n\n\n\n<ul class=\"wp-block-list\">\n<li>Ofereixen suport emocional durant el primer any d\u2019incorporaci\u00f3,<\/li>\n\n\n\n<li>Comparteixen experi\u00e8ncies i consells pr\u00e0ctics,<\/li>\n\n\n\n<li>Actuen com un vincle actiu dins la comunitat ACTEF.<\/li>\n<\/ul>\n\n\n\n<p>Amb el temps, aquest grup s\u2019ha especialitzat especialment en acompanyar fam\u00edlies: recent arribades, amb barreres ling\u00fc\u00edstiques o culturals, o amb casos de doble excepcionalitat. Molts centres educatius deriven directament aquestes fam\u00edlies a l\u2019ACTEF per rebre assessorament especialitzat.<\/p>\n\n\n\n<p>La diversitat ling\u00fc\u00edstica, cultural i vital de les nostres volunt\u00e0ries converteix el grup en un <strong>pilar fonamental del suport comunitari de l\u2019ACTEF.<\/strong><\/p>\n\n\n<div class=\"wp-block-image\">\n<figure class=\"aligncenter size-large is-resized\"><img loading=\"lazy\" decoding=\"async\" width=\"1024\" height=\"1024\" src=\"https:\/\/actef.es\/wp-content\/uploads\/2025\/11\/8M-1-1024x1024.png\" alt=\"\" class=\"wp-image-5249\" style=\"width:600px;height:auto\" srcset=\"https:\/\/actef.es\/wp-content\/uploads\/2025\/11\/8M-1-1024x1024.png 1024w, https:\/\/actef.es\/wp-content\/uploads\/2025\/11\/8M-1-300x300.png 300w, https:\/\/actef.es\/wp-content\/uploads\/2025\/11\/8M-1-150x150.png 150w, https:\/\/actef.es\/wp-content\/uploads\/2025\/11\/8M-1-768x768.png 768w, https:\/\/actef.es\/wp-content\/uploads\/2025\/11\/8M-1.png 1350w\" sizes=\"auto, (max-width: 1024px) 100vw, 1024px\" \/><\/figure>\n<\/div>\n\n\n<p>Truca\u2019ns i et derivarem a les nostres Fam\u00edlies Amigues:<\/p>\n\n\n<div class=\"wp-block-image\">\n<figure class=\"aligncenter size-large is-resized\"><img loading=\"lazy\" decoding=\"async\" width=\"1024\" height=\"326\" src=\"https:\/\/actef.es\/wp-content\/uploads\/2025\/11\/Texto-1024x326.png\" alt=\"\" class=\"wp-image-5291\" style=\"width:207px;height:auto\" srcset=\"https:\/\/actef.es\/wp-content\/uploads\/2025\/11\/Texto-1024x326.png 1024w, https:\/\/actef.es\/wp-content\/uploads\/2025\/11\/Texto-300x96.png 300w, https:\/\/actef.es\/wp-content\/uploads\/2025\/11\/Texto-768x245.png 768w, https:\/\/actef.es\/wp-content\/uploads\/2025\/11\/Texto-1536x489.png 1536w, https:\/\/actef.es\/wp-content\/uploads\/2025\/11\/Texto.png 1620w\" sizes=\"auto, (max-width: 1024px) 100vw, 1024px\" \/><\/figure>\n<\/div>\n\n\n<h1 class=\"wp-block-heading\">Servei de suport i orientaci\u00f3 en situacions de risc o vulnerabilitat<\/h1>\n\n\n\n<hr class=\"wp-block-separator has-alpha-channel-opacity\"\/>\n\n\n\n<p>A ACTEF oferim un servei especialitzat per a joves i les seves fam\u00edlies que es trobin en situacions de risc o vulnerabilitat, ja sigui a casa o al centre educatiu. L\u2019objectiu \u00e9s proporcionar un espai segur, confidencial i de confian\u00e7a on puguin expressar les seves inquietuds, rebre orientaci\u00f3 i trobar suport professional.<\/p>\n\n\n\n<p>Aquest servei busca prevenir conductes de risc i facilitar una intervenci\u00f3 preco\u00e7 en casos de conflicte, malestar emocional o situacions de victimitzaci\u00f3.<\/p>\n\n\n\n<p><strong>Qui ofereix el servei?<\/strong><br>L\u2019atenci\u00f3 est\u00e0 a c\u00e0rrec de la nostra companya Nerea, crimin\u00f2loga amb m\u00e0ster en intervenci\u00f3 de menors, que ofereix disponibilitat per tel\u00e8fon i correu electr\u00f2nic.<\/p>\n\n\n<div class=\"wp-block-image\">\n<figure class=\"aligncenter size-large is-resized\"><img loading=\"lazy\" decoding=\"async\" width=\"1024\" height=\"245\" src=\"https:\/\/actef.es\/wp-content\/uploads\/2025\/11\/Texto-4-1024x245.png\" alt=\"\" class=\"wp-image-5305\" style=\"width:320px;height:auto\" srcset=\"https:\/\/actef.es\/wp-content\/uploads\/2025\/11\/Texto-4-1024x245.png 1024w, https:\/\/actef.es\/wp-content\/uploads\/2025\/11\/Texto-4-300x72.png 300w, https:\/\/actef.es\/wp-content\/uploads\/2025\/11\/Texto-4-768x184.png 768w, https:\/\/actef.es\/wp-content\/uploads\/2025\/11\/Texto-4-1536x368.png 1536w, https:\/\/actef.es\/wp-content\/uploads\/2025\/11\/Texto-4.png 1620w\" sizes=\"auto, (max-width: 1024px) 100vw, 1024px\" \/><\/figure>\n<\/div>\n\n\n<p>A trav\u00e9s d\u2019aquest canal, els usuaris poden rebre assessorament, ser escoltats i obtenir una primera guia per actuar davant situacions dif\u00edcils.<\/p>\n\n\n\n<p>Quan es detecta una problem\u00e0tica m\u00e9s greu, es realitza una derivaci\u00f3 directa al departament de psicologia de l\u2019ACTEF per garantir una intervenci\u00f3 m\u00e9s espec\u00edfica.<\/p>\n\n\n<div class=\"wp-block-image\">\n<figure class=\"aligncenter size-large is-resized\"><img loading=\"lazy\" decoding=\"async\" width=\"1024\" height=\"1024\" src=\"https:\/\/actef.es\/wp-content\/uploads\/2025\/10\/Catalan-1-1024x1024.png\" alt=\"\" class=\"wp-image-4923\" style=\"width:792px;height:auto\" srcset=\"https:\/\/actef.es\/wp-content\/uploads\/2025\/10\/Catalan-1-1024x1024.png 1024w, https:\/\/actef.es\/wp-content\/uploads\/2025\/10\/Catalan-1-300x300.png 300w, https:\/\/actef.es\/wp-content\/uploads\/2025\/10\/Catalan-1-150x150.png 150w, https:\/\/actef.es\/wp-content\/uploads\/2025\/10\/Catalan-1-768x768.png 768w, https:\/\/actef.es\/wp-content\/uploads\/2025\/10\/Catalan-1.png 1080w\" sizes=\"auto, (max-width: 1024px) 100vw, 1024px\" \/><\/figure>\n<\/div>","protected":false},"excerpt":{"rendered":"<p>Atenci\u00f3 a persones amb dubtes sobre les altes capacitats Durant tot l\u2019any rebem al voltant de 200 trucades i visites de persones que busquen el seg\u00fcent tipus d\u2019informaci\u00f3: En la majoria de casos es tracta de persones que tenen a prop un nen o una nena amb altes capacitats i busquen orientaci\u00f3 per entendre\u2019l millor &#8230; <a title=\"Servei d\u2019assessorament\" class=\"read-more\" href=\"https:\/\/actef.es\/web\/servei-dassessorament\/?lang=ca\" aria-label=\"Leer m\u00e1s sobre Servei d\u2019assessorament\">Leer m\u00e1s<\/a><\/p>\n","protected":false},"author":2,"featured_media":5315,"parent":0,"menu_order":0,"comment_status":"closed","ping_status":"closed","template":"","meta":{"advgb_blocks_editor_width":"","advgb_blocks_columns_visual_guide":"","footnotes":""},"class_list":["post-5314","page","type-page","status-publish","has-post-thumbnail"],"featured_image_urls_v2":{"full":["https:\/\/actef.es\/wp-content\/uploads\/2025\/11\/Servei-dassesorament-1-scaled.png",2560,637,false],"thumbnail":["https:\/\/actef.es\/wp-content\/uploads\/2025\/11\/Servei-dassesorament-1-150x150.png",150,150,true],"medium":["https:\/\/actef.es\/wp-content\/uploads\/2025\/11\/Servei-dassesorament-1-300x75.png",300,75,true],"medium_large":["https:\/\/actef.es\/wp-content\/uploads\/2025\/11\/Servei-dassesorament-1-768x191.png",768,191,true],"large":["https:\/\/actef.es\/wp-content\/uploads\/2025\/11\/Servei-dassesorament-1-1024x255.png",1024,255,true],"1536x1536":["https:\/\/actef.es\/wp-content\/uploads\/2025\/11\/Servei-dassesorament-1-1536x382.png",1536,382,true],"2048x2048":["https:\/\/actef.es\/wp-content\/uploads\/2025\/11\/Servei-dassesorament-1-2048x510.png",2048,510,true]},"post_excerpt_stackable_v2":"<p>Atenci\u00f3 a persones amb dubtes sobre les altes capacitats Durant tot l\u2019any rebem al voltant de 200 trucades i visites de persones que busquen el seg\u00fcent tipus d\u2019informaci\u00f3: Com identificar si un menor t\u00e9 altes capacitats, Com acompanyar-lo en l\u2019entorn familiar, Quines activitats ofereix l\u2019associaci\u00f3. En la majoria de casos es tracta de persones que tenen a prop un nen o una nena amb altes capacitats i busquen orientaci\u00f3 per entendre\u2019l millor i saber com tractar-lo. Si tens alguna consulta no dubtis a trucar-nos al: Atenci\u00f3 als nostres socis Les fam\u00edlies amb nens i nenes amb altes capacitats solen necessitar&hellip;<\/p>\n","category_list_v2":"","author_info_v2":{"name":"Esperanza Marqu\u00e8s","url":"https:\/\/actef.es\/web\/author\/esperanza\/"},"comments_num_v2":"0 comentarios","coauthors":[],"author_meta":{"author_link":"https:\/\/actef.es\/web\/author\/esperanza\/","display_name":"Esperanza Marqu\u00e8s"},"relative_dates":{"created":"Publicado 5 meses hace","modified":"Actualizado 5 meses hace"},"absolute_dates":{"created":"Publicado el 26 noviembre 2025","modified":"Actualizado el 26 noviembre 2025"},"absolute_dates_time":{"created":"Publicado el 26 noviembre 2025 11:26","modified":"Actualizado el 26 noviembre 2025 11:38"},"featured_img_caption":"","featured_img":"https:\/\/actef.es\/wp-content\/uploads\/2025\/11\/Servei-dassesorament-1-scaled.png","series_order":"","_links":{"self":[{"href":"https:\/\/actef.es\/web\/wp-json\/wp\/v2\/pages\/5314","targetHints":{"allow":["GET"]}}],"collection":[{"href":"https:\/\/actef.es\/web\/wp-json\/wp\/v2\/pages"}],"about":[{"href":"https:\/\/actef.es\/web\/wp-json\/wp\/v2\/types\/page"}],"author":[{"embeddable":true,"href":"https:\/\/actef.es\/web\/wp-json\/wp\/v2\/users\/2"}],"replies":[{"embeddable":true,"href":"https:\/\/actef.es\/web\/wp-json\/wp\/v2\/comments?post=5314"}],"version-history":[{"count":4,"href":"https:\/\/actef.es\/web\/wp-json\/wp\/v2\/pages\/5314\/revisions"}],"predecessor-version":[{"id":5321,"href":"https:\/\/actef.es\/web\/wp-json\/wp\/v2\/pages\/5314\/revisions\/5321"}],"wp:featuredmedia":[{"embeddable":true,"href":"https:\/\/actef.es\/web\/wp-json\/wp\/v2\/media\/5315"}],"wp:attachment":[{"href":"https:\/\/actef.es\/web\/wp-json\/wp\/v2\/media?parent=5314"}],"curies":[{"name":"wp","href":"https:\/\/api.w.org\/{rel}","templated":true}]}}