{"id":658,"date":"2020-11-22T10:34:24","date_gmt":"2020-11-22T10:34:24","guid":{"rendered":"http:\/\/actef.es\/web\/?page_id=658"},"modified":"2023-12-27T17:02:16","modified_gmt":"2023-12-27T17:02:16","slug":"asociate","status":"publish","type":"page","link":"https:\/\/actef.es\/web\/asociate\/?lang=ca","title":{"rendered":"Associa&#8217;t"},"content":{"rendered":"\n<p><br>Els associats de&nbsp;ACTEF&nbsp;gaudeixen d&#8217;una s\u00e8rie d&#8217;avantatges i serveis d&#8217;entre els quals es poden destacar els seg\u00fcents:<\/p>\n\n\n\n<div class=\"wp-block-kadence-iconlist kt-svg-icon-list-items kt-svg-icon-list-items_00ed32-56 kt-svg-icon-list-columns-1 alignnone\"><ul class=\"kt-svg-icon-list\"><li class=\"kt-svg-icon-list-style-default kt-svg-icon-list-item-wrap kt-svg-icon-list-item-0\"><div style=\"display:inline-flex;justify-content:center;align-items:center;color:#64bae8\" class=\"kt-svg-icon-list-single kt-svg-icon-list-single-fe_checkSquare\"><svg style=\"display:inline-block;vertical-align:middle\" viewbox=\"0 0 24 24\" height=\"20\" width=\"20\" fill=\"none\" stroke=\"currentColor\" xmlns=\"http:\/\/www.w3.org\/2000\/svg\" stroke-width=\"2\" stroke-linecap=\"round\" stroke-linejoin=\"round\"><polyline points=\"9 11 12 14 22 4\"><\/polyline><path d=\"M21 12v7a2 2 0 0 1-2 2H5a2 2 0 0 1-2-2V5a2 2 0 0 1 2-2h11\"><\/path><\/svg><\/div><span class=\"kt-svg-icon-list-text\">Assessorament a les fam\u00edlies siguin o no associades.<\/span><\/li><li class=\"kt-svg-icon-list-style-default kt-svg-icon-list-item-wrap kt-svg-icon-list-item-1\"><div style=\"display:inline-flex;justify-content:center;align-items:center;color:#64bae8\" class=\"kt-svg-icon-list-single kt-svg-icon-list-single-fe_checkSquare\"><svg style=\"display:inline-block;vertical-align:middle\" viewbox=\"0 0 24 24\" height=\"20\" width=\"20\" fill=\"none\" stroke=\"currentColor\" xmlns=\"http:\/\/www.w3.org\/2000\/svg\" stroke-width=\"2\" stroke-linecap=\"round\" stroke-linejoin=\"round\"><polyline points=\"9 11 12 14 22 4\"><\/polyline><path d=\"M21 12v7a2 2 0 0 1-2 2H5a2 2 0 0 1-2-2V5a2 2 0 0 1 2-2h11\"><\/path><\/svg><\/div><span class=\"kt-svg-icon-list-text\">Equip especilaitzat en valoraci\u00f3ns ACI.<\/span><\/li><li class=\"kt-svg-icon-list-style-default kt-svg-icon-list-item-wrap kt-svg-icon-list-item-2\"><div style=\"display:inline-flex;justify-content:center;align-items:center;color:#64bae8\" class=\"kt-svg-icon-list-single kt-svg-icon-list-single-fe_checkSquare\"><svg style=\"display:inline-block;vertical-align:middle\" viewbox=\"0 0 24 24\" height=\"20\" width=\"20\" fill=\"none\" stroke=\"currentColor\" xmlns=\"http:\/\/www.w3.org\/2000\/svg\" stroke-width=\"2\" stroke-linecap=\"round\" stroke-linejoin=\"round\"><polyline points=\"9 11 12 14 22 4\"><\/polyline><path d=\"M21 12v7a2 2 0 0 1-2 2H5a2 2 0 0 1-2-2V5a2 2 0 0 1 2-2h11\"><\/path><\/svg><\/div><span class=\"kt-svg-icon-list-text\">Programes de erriquiment curricular, de oci y socilals.<\/span><\/li><li class=\"kt-svg-icon-list-style-default kt-svg-icon-list-item-wrap kt-svg-icon-list-item-3\"><div style=\"display:inline-flex;justify-content:center;align-items:center;color:#64bae8\" class=\"kt-svg-icon-list-single kt-svg-icon-list-single-fe_checkSquare\"><svg style=\"display:inline-block;vertical-align:middle\" viewbox=\"0 0 24 24\" height=\"20\" width=\"20\" fill=\"none\" stroke=\"currentColor\" xmlns=\"http:\/\/www.w3.org\/2000\/svg\" stroke-width=\"2\" stroke-linecap=\"round\" stroke-linejoin=\"round\"><polyline points=\"9 11 12 14 22 4\"><\/polyline><path d=\"M21 12v7a2 2 0 0 1-2 2H5a2 2 0 0 1-2-2V5a2 2 0 0 1 2-2h11\"><\/path><\/svg><\/div><span class=\"kt-svg-icon-list-text\">Centre juvenil ACI.<\/span><\/li><li class=\"kt-svg-icon-list-style-default kt-svg-icon-list-item-wrap kt-svg-icon-list-item-4\"><div style=\"display:inline-flex;justify-content:center;align-items:center;color:#64bae8\" class=\"kt-svg-icon-list-single kt-svg-icon-list-single-fe_checkSquare\"><svg style=\"display:inline-block;vertical-align:middle\" viewbox=\"0 0 24 24\" height=\"20\" width=\"20\" fill=\"none\" stroke=\"currentColor\" xmlns=\"http:\/\/www.w3.org\/2000\/svg\" stroke-width=\"2\" stroke-linecap=\"round\" stroke-linejoin=\"round\"><polyline points=\"9 11 12 14 22 4\"><\/polyline><path d=\"M21 12v7a2 2 0 0 1-2 2H5a2 2 0 0 1-2-2V5a2 2 0 0 1 2-2h11\"><\/path><\/svg><\/div><span class=\"kt-svg-icon-list-text\">Assessorament psicol\u00f2gic a un preu simb\u00f2lic per part de les professionals d&#8217;ACTEF.<\/span><\/li><li class=\"kt-svg-icon-list-style-default kt-svg-icon-list-item-wrap kt-svg-icon-list-item-5\"><div style=\"display:inline-flex;justify-content:center;align-items:center;color:#64bae8\" class=\"kt-svg-icon-list-single kt-svg-icon-list-single-fe_checkSquare\"><svg style=\"display:inline-block;vertical-align:middle\" viewbox=\"0 0 24 24\" height=\"20\" width=\"20\" fill=\"none\" stroke=\"currentColor\" xmlns=\"http:\/\/www.w3.org\/2000\/svg\" stroke-width=\"2\" stroke-linecap=\"round\" stroke-linejoin=\"round\"><polyline points=\"9 11 12 14 22 4\"><\/polyline><path d=\"M21 12v7a2 2 0 0 1-2 2H5a2 2 0 0 1-2-2V5a2 2 0 0 1 2-2h11\"><\/path><\/svg><\/div><span class=\"kt-svg-icon-list-text\">Informaci\u00f3 peri\u00f2dica sobre beques i altres ajudes concedides per organismes oficials.<\/span><\/li><li class=\"kt-svg-icon-list-style-default kt-svg-icon-list-item-wrap kt-svg-icon-list-item-6\"><div style=\"display:inline-flex;justify-content:center;align-items:center;color:#64bae8\" class=\"kt-svg-icon-list-single kt-svg-icon-list-single-fe_checkSquare\"><svg style=\"display:inline-block;vertical-align:middle\" viewbox=\"0 0 24 24\" height=\"20\" width=\"20\" fill=\"none\" stroke=\"currentColor\" xmlns=\"http:\/\/www.w3.org\/2000\/svg\" stroke-width=\"2\" stroke-linecap=\"round\" stroke-linejoin=\"round\"><polyline points=\"9 11 12 14 22 4\"><\/polyline><path d=\"M21 12v7a2 2 0 0 1-2 2H5a2 2 0 0 1-2-2V5a2 2 0 0 1 2-2h11\"><\/path><\/svg><\/div><span class=\"kt-svg-icon-list-text\">Organitzaci\u00f3 de jornades, reunions i trobades l\u00fadiques organitzades per l&#8217;associaci\u00f3.<\/span><\/li><li class=\"kt-svg-icon-list-style-default kt-svg-icon-list-item-wrap kt-svg-icon-list-item-7\"><div style=\"display:inline-flex;justify-content:center;align-items:center;color:#64bae8\" class=\"kt-svg-icon-list-single kt-svg-icon-list-single-fe_checkSquare\"><svg style=\"display:inline-block;vertical-align:middle\" viewbox=\"0 0 24 24\" height=\"20\" width=\"20\" fill=\"none\" stroke=\"currentColor\" xmlns=\"http:\/\/www.w3.org\/2000\/svg\" stroke-width=\"2\" stroke-linecap=\"round\" stroke-linejoin=\"round\"><polyline points=\"9 11 12 14 22 4\"><\/polyline><path d=\"M21 12v7a2 2 0 0 1-2 2H5a2 2 0 0 1-2-2V5a2 2 0 0 1 2-2h11\"><\/path><\/svg><\/div><span class=\"kt-svg-icon-list-text\">Xerrades informatives per a les fam\u00edlies.<\/span><\/li><li class=\"kt-svg-icon-list-style-default kt-svg-icon-list-item-wrap kt-svg-icon-list-item-8\"><div style=\"display:inline-flex;justify-content:center;align-items:center;color:#64bae8\" class=\"kt-svg-icon-list-single kt-svg-icon-list-single-fe_checkSquare\"><svg style=\"display:inline-block;vertical-align:middle\" viewbox=\"0 0 24 24\" height=\"20\" width=\"20\" fill=\"none\" stroke=\"currentColor\" xmlns=\"http:\/\/www.w3.org\/2000\/svg\" stroke-width=\"2\" stroke-linecap=\"round\" stroke-linejoin=\"round\"><polyline points=\"9 11 12 14 22 4\"><\/polyline><path d=\"M21 12v7a2 2 0 0 1-2 2H5a2 2 0 0 1-2-2V5a2 2 0 0 1 2-2h11\"><\/path><\/svg><\/div><span class=\"kt-svg-icon-list-text\">Xerrades informatives per a professors en els centres escolars.<\/span><\/li><\/ul><\/div>\n\n\n\n<div id=\"kt-info-box_64b3c9-aa\" class=\"wp-block-kadence-infobox\"><a class=\"kt-blocks-info-box-link-wrap info-box-link kt-blocks-info-box-media-align-left kt-info-halign-left\"><div class=\"kt-blocks-info-box-media-container\"><div class=\"kt-blocks-info-box-media kt-info-media-animate-none\"><div class=\"kadence-info-box-icon-container kt-info-icon-animate-none\"><div class=\"kadence-info-box-icon-inner-container\"><span style=\"display:block;justify-content:center;align-items:center\" class=\"kt-info-svg-icon kt-info-svg-icon-fe_mail\"><svg style=\"display:inline-block;vertical-align:middle\" viewbox=\"0 0 24 24\" height=\"50\" width=\"50\" fill=\"none\" stroke=\"currentColor\" xmlns=\"http:\/\/www.w3.org\/2000\/svg\" stroke-width=\"2\" stroke-linecap=\"round\" stroke-linejoin=\"round\"><path d=\"M4 4h16c1.1 0 2 .9 2 2v12c0 1.1-.9 2-2 2H4c-1.1 0-2-.9-2-2V6c0-1.1.9-2 2-2z\"><\/path><polyline points=\"22,6 12,13 2,6\"><\/polyline><\/svg><\/span><\/div><\/div><\/div><\/div><div class=\"kt-infobox-textcontent\"><h2 class=\"kt-blocks-info-box-title\">info@actef.es<\/h2><p class=\"kt-blocks-info-box-text\">Pots associar-te sol\u00b7licitant la documentaci\u00f3 al nostre correu electr\u00f2nic o a trav\u00e9s del formulari que hi ha en la pestanya Contacte<\/p><\/div><\/a><\/div>\n\n\n\n<div class=\"wp-block-file\"><a href=\"https:\/\/actef.es\/wp-content\/uploads\/2021\/09\/Com-fer-te-soci@-dACTEF-1.pdf\">Com fer-te soci@ d&#8217;ACTEF (1)<\/a><a href=\"https:\/\/actef.es\/wp-content\/uploads\/2021\/09\/Com-fer-te-soci@-dACTEF-1.pdf\" class=\"wp-block-file__button\" download>Descarga<\/a><\/div>\n\n\n\n<p>Una vegada la sol\u00b7licitud arribi a l&#8217;associaci\u00f3 la junta directiva i segons costa en els estatuts en la seg\u00fcent reuni\u00f3 aprovar\u00e0 la seva admissi\u00f3.<\/p>\n\n\n\n<p>En ser adm\u00e8s ha de realitzar-se un ingr\u00e9s de 10\u20ac en qualsevol oficina de La Caixa al compte que l&#8217;associaci\u00f3 li facilitar\u00e0 com a quota inicial d&#8217;alta, Seguidament tindr\u00e0 15 dies h\u00e0bils per a fer efectiu un ingr\u00e9s de 36\u20ac trimestrals, triant la forma de pagament que m\u00e9s s&#8217;adapti a les possibilitats.<\/p>\n\n\n\n<p class=\"has-text-align-center\"><strong>36 \u20ac per trimestre<\/strong><\/p>\n\n\n\n<p class=\"has-text-align-center\"><strong>144 \u20ac per a<\/strong>ny<\/p>\n\n\n\n<p>Pot domiciliar els seus pagaments emplenant aquest document i fent-lo arribar a l&#8217;associaci\u00f3: info@actef.es<\/p>\n\n\n\n<p>En fer l&#8217;ingr\u00e9s haur\u00e0 de constar el nom de l&#8217;associat o de la persona que es vol associar.<\/p>\n<style class=\"advgb-styles-renderer\">.wp-block-kadence-iconlist.kt-svg-icon-list-items_00ed32-56:not(.this-stops-third-party-issues){margin-top:0px;margin-bottom:0px;}.wp-block-kadence-iconlist.kt-svg-icon-list-items_00ed32-56 ul.kt-svg-icon-list:not(.this-prevents-issues):not(.this-stops-third-party-issues):not(.tijsloc){margin-top:0px;margin-right:0px;margin-bottom:var(--global-kb-spacing-sm, 1.5rem);margin-left:0px;}.wp-block-kadence-iconlist.kt-svg-icon-list-items_00ed32-56 ul.kt-svg-icon-list{grid-row-gap:5px;}.wp-block-kadence-iconlist.kt-svg-icon-list-items_00ed32-56 ul.kt-svg-icon-list .kt-svg-icon-list-item-wrap .kt-svg-icon-list-single{margin-right:10px;}.kt-svg-icon-list-items_00ed32-56 ul.kt-svg-icon-list .kt-svg-icon-list-level-0 .kt-svg-icon-list-single svg{font-size:20px;}.kt-svg-icon-list-items_00ed32-56 ul.kt-svg-icon-list .kt-svg-icon-list-level-1 .kt-svg-icon-list-single svg{font-size:20px;}.kt-svg-icon-list-items_00ed32-56 ul.kt-svg-icon-list .kt-svg-icon-list-level-2 .kt-svg-icon-list-single svg{font-size:20px;}.kt-svg-icon-list-items_00ed32-56 ul.kt-svg-icon-list .kt-svg-icon-list-level-3 .kt-svg-icon-list-single svg{font-size:20px;}.kt-svg-icon-list-items_00ed32-56 ul.kt-svg-icon-list .kt-svg-icon-list-level-4 .kt-svg-icon-list-single svg{font-size:20px;}.kt-svg-icon-list-items_00ed32-56 ul.kt-svg-icon-list .kt-svg-icon-list-level-5 .kt-svg-icon-list-single svg{font-size:20px;}.kt-svg-icon-list-items_00ed32-56 ul.kt-svg-icon-list .kt-svg-icon-list-level-6 .kt-svg-icon-list-single svg{font-size:20px;}.kt-svg-icon-list-items_00ed32-56 ul.kt-svg-icon-list .kt-svg-icon-list-level-7 .kt-svg-icon-list-single svg{font-size:20px;}.kt-svg-icon-list-items_00ed32-56 ul.kt-svg-icon-list .kt-svg-icon-list-level-8 .kt-svg-icon-list-single svg{font-size:20px;}.wp-block-kadence-column.kb-section-dir-horizontal > .kt-inside-inner-col > #kt-info-box_64b3c9-aa .kt-blocks-info-box-link-wrap{max-width:unset;}#kt-info-box_64b3c9-aa .kt-blocks-info-box-link-wrap{border-color:#79b7e3;border-radius:20px;border-top-width:5px;border-right-width:5px;border-bottom-width:5px;border-left-width:5px;background:#ffffff;padding-top:24px;padding-right:24px;padding-bottom:24px;padding-left:24px;}#kt-info-box_64b3c9-aa .kt-blocks-info-box-link-wrap:hover{background:#ffffff;}#kt-info-box_64b3c9-aa .kadence-info-box-icon-container .kt-info-svg-icon, #kt-info-box_64b3c9-aa .kt-info-svg-icon-flip, #kt-info-box_64b3c9-aa .kt-blocks-info-box-number{font-size:50px;}#kt-info-box_64b3c9-aa .kt-blocks-info-box-media{color:#444444;background:#ffffff;border-color:#79b7e3;border-radius:200px;border-top-width:5px;border-right-width:5px;border-bottom-width:5px;border-left-width:5px;padding-top:20px;padding-right:20px;padding-bottom:20px;padding-left:20px;margin-top:0px;margin-right:20px;margin-bottom:0px;margin-left:0px;}#kt-info-box_64b3c9-aa .kt-blocks-info-box-media .kadence-info-box-image-intrisic img{border-radius:200px;}#kt-info-box_64b3c9-aa .kt-blocks-info-box-link-wrap:hover .kt-blocks-info-box-media{color:#79b7e3;background:#ffffff;border-color:#eeeeee;}#kt-info-box_64b3c9-aa .kt-infobox-textcontent h2.kt-blocks-info-box-title{padding-top:0px;padding-right:0px;padding-bottom:0px;padding-left:0px;margin-top:5px;margin-right:0px;margin-bottom:10px;margin-left:0px;}#kt-info-box_64b3c9-aa .kt-blocks-info-box-learnmore{background:transparent;border-width:0px 0px 0px 0px;padding-top:4px;padding-right:8px;padding-bottom:4px;padding-left:8px;margin-top:10px;margin-right:0px;margin-bottom:10px;margin-left:0px;}<\/style>","protected":false},"excerpt":{"rendered":"<p>Els associats de&nbsp;ACTEF&nbsp;gaudeixen d&#8217;una s\u00e8rie d&#8217;avantatges i serveis d&#8217;entre els quals es poden destacar els seg\u00fcents: Una vegada la sol\u00b7licitud arribi a l&#8217;associaci\u00f3 la junta directiva i segons costa en els estatuts en la seg\u00fcent reuni\u00f3 aprovar\u00e0 la seva admissi\u00f3. En ser adm\u00e8s ha de realitzar-se un ingr\u00e9s de 10\u20ac en qualsevol oficina de La &#8230; <a title=\"Associa&#8217;t\" class=\"read-more\" href=\"https:\/\/actef.es\/web\/asociate\/?lang=ca\" aria-label=\"Leer m\u00e1s sobre Associa&#8217;t\">Leer m\u00e1s<\/a><\/p>\n","protected":false},"author":1,"featured_media":0,"parent":0,"menu_order":0,"comment_status":"closed","ping_status":"closed","template":"","meta":{"advgb_blocks_editor_width":"","advgb_blocks_columns_visual_guide":"","footnotes":""},"class_list":["post-658","page","type-page","status-publish"],"featured_image_urls_v2":{"full":"","thumbnail":"","medium":"","medium_large":"","large":"","1536x1536":"","2048x2048":""},"post_excerpt_stackable_v2":"<p>Els associats de&nbsp;ACTEF&nbsp;gaudeixen d&#8217;una s\u00e8rie d&#8217;avantatges i serveis d&#8217;entre els quals es poden destacar els seg\u00fcents: Assessorament a les fam\u00edlies siguin o no associades.Equip especilaitzat en valoraci\u00f3ns ACI.Programes de erriquiment curricular, de oci y socilals.Centre juvenil ACI.Assessorament psicol\u00f2gic a un preu simb\u00f2lic per part de les professionals d&#8217;ACTEF.Informaci\u00f3 peri\u00f2dica sobre beques i altres ajudes concedides per organismes oficials.Organitzaci\u00f3 de jornades, reunions i trobades l\u00fadiques organitzades per l&#8217;associaci\u00f3.Xerrades informatives per a les fam\u00edlies.Xerrades informatives per a professors en els centres escolars. info@actef.esPots associar-te sol\u00b7licitant la documentaci\u00f3 al nostre correu electr\u00f2nic o a trav\u00e9s del formulari que hi ha en la pestanya&hellip;<\/p>\n","category_list_v2":"","author_info_v2":{"name":"actefwp","url":"https:\/\/actef.es\/web\/author\/actefwp\/"},"comments_num_v2":"0 comentarios","coauthors":[],"author_meta":{"author_link":"https:\/\/actef.es\/web\/author\/actefwp\/","display_name":"actefwp"},"relative_dates":{"created":"Publicado 5 a\u00f1os hace","modified":"Actualizado 2 a\u00f1os hace"},"absolute_dates":{"created":"Publicado el 22 noviembre 2020","modified":"Actualizado el 27 diciembre 2023"},"absolute_dates_time":{"created":"Publicado el 22 noviembre 2020 10:34","modified":"Actualizado el 27 diciembre 2023 17:02"},"featured_img_caption":"","featured_img":false,"series_order":"","_links":{"self":[{"href":"https:\/\/actef.es\/web\/wp-json\/wp\/v2\/pages\/658","targetHints":{"allow":["GET"]}}],"collection":[{"href":"https:\/\/actef.es\/web\/wp-json\/wp\/v2\/pages"}],"about":[{"href":"https:\/\/actef.es\/web\/wp-json\/wp\/v2\/types\/page"}],"author":[{"embeddable":true,"href":"https:\/\/actef.es\/web\/wp-json\/wp\/v2\/users\/1"}],"replies":[{"embeddable":true,"href":"https:\/\/actef.es\/web\/wp-json\/wp\/v2\/comments?post=658"}],"version-history":[{"count":10,"href":"https:\/\/actef.es\/web\/wp-json\/wp\/v2\/pages\/658\/revisions"}],"predecessor-version":[{"id":2237,"href":"https:\/\/actef.es\/web\/wp-json\/wp\/v2\/pages\/658\/revisions\/2237"}],"wp:attachment":[{"href":"https:\/\/actef.es\/web\/wp-json\/wp\/v2\/media?parent=658"}],"curies":[{"name":"wp","href":"https:\/\/api.w.org\/{rel}","templated":true}]}}