{"id":689,"date":"2020-11-22T13:38:56","date_gmt":"2020-11-22T13:38:56","guid":{"rendered":"http:\/\/actef.es\/web\/?page_id=689"},"modified":"2023-07-23T16:43:16","modified_gmt":"2023-07-23T16:43:16","slug":"publicacions","status":"publish","type":"page","link":"https:\/\/actef.es\/web\/publicacions\/?lang=ca","title":{"rendered":"Publicacions"},"content":{"rendered":"\n<h2 class=\"wp-block-heading\">Talincrea<\/h2>\n\n\n\n<p> <strong>Editada pel Centre Universitari de Ci\u00e8ncies de la Salut de la Universitat de Guadalajara, M\u00e8xic<\/strong><\/p>\n\n\n\n<p>Publicaci\u00f3 de la Primera part de la nostra investigaci\u00f3 Al\u00b7lotes i Dones Visible,  pots llegir-la en la publicaci\u00f3 de la revista cient\u00edfica TALINCREA.<\/p>\n\n\n\n<div class=\"wp-block-image\"><figure class=\"aligncenter size-large\"><a href=\"http:\/\/www.talincrea.cucs.udg.mx\/\/sites\/default\/files\/adjuntos\/09_17\/01_numero.pdf\"><img loading=\"lazy\" decoding=\"async\" width=\"306\" height=\"385\" src=\"http:\/\/actef.es\/wp-content\/uploads\/2023\/07\/talincrea.png\" alt=\"\" class=\"wp-image-1897\" srcset=\"https:\/\/actef.es\/wp-content\/uploads\/2023\/07\/talincrea.png 306w, https:\/\/actef.es\/wp-content\/uploads\/2023\/07\/talincrea-238x300.png 238w\" sizes=\"auto, (max-width: 306px) 100vw, 306px\" \/><\/a><\/figure><\/div>\n\n\n\n<h2 class=\"wp-block-heading\">Revista \u00abLas Cebras\u00bb<\/h2>\n\n\n\n<p>Revista commemorativa del 10\u00e8 aniversari d&#8217;ACTEF. Hist\u00f2ries, poesies, contes, dibuixos, not\u00edcies, entrevistes, pel\u00b7l\u00edcules, projectes, etc. Tot el que t&#8217;agradaria publicar i no s\u00e0vies on.<\/p>\n\n\n<div class=\"wp-block-image\">\n<figure class=\"aligncenter size-large\"><a href=\"https:\/\/issuu.com\/actef\/docs\/revista_actef_issuuok\" target=\"_blank\" rel=\"noopener noreferrer\"><img loading=\"lazy\" decoding=\"async\" width=\"282\" height=\"404\" class=\"wp-image-165 aligncenter\" src=\"http:\/\/actef.es\/wp-content\/uploads\/2020\/07\/cebras.png\" alt=\"\" srcset=\"https:\/\/actef.es\/wp-content\/uploads\/2020\/07\/cebras.png 282w, https:\/\/actef.es\/wp-content\/uploads\/2020\/07\/cebras-209x300.png 209w\" sizes=\"auto, (max-width: 282px) 100vw, 282px\" \/><\/a><\/figure>\n<\/div>\n\n\n<h2 class=\"wp-block-heading\">Conte \u00abPor qu\u00e9 no me entienden\u00bb<\/h2>\n\n\n\n<p>Conte per a nens d&#8217;Alta Capacitat \u2026i per als seus pares i professors<br>Autora: Gema Theus<br>Donat a la Fundaci\u00f3 Avanza<\/p>\n\n\n\n<div class=\"wp-block-kadence-advancedbtn kt-btn-align-left kt-btn-tablet-align-inherit kt-btn-mobile-align-inherit kt-btns-wrap kt-btns_a4be2d-82\"><div class=\"kt-btn-wrap kt-btn-wrap-0\"><a class=\"kt-button button kt-btn-0-action kt-btn-size-large kt-btn-style-basic kt-btn-svg-show-always kt-btn-has-text-true kt-btn-has-svg-false\" href=\"http:\/\/http:\/\/www.fundacionavanza.org\/images\/documentos\/libros\/cuento-por-que-no-me-entienden.pdf\" target=\"_blank\" rel=\"noreferrer noopener\"><span class=\"kt-btn-inner-text\">Enlla\u00e7 al conte<\/span><\/a><\/div><\/div>\n\n\n\n<p><\/p>\n\n\n\n<p><\/p>\n<style class=\"advgb-styles-renderer\">.wp-block-kadence-advancedbtn.kb-btns_a4be2d-82{gap:var(--global-kb-gap-xs, 0.5rem );justify-content:flex-start;align-items:center;}.kt-btns_a4be2d-82 .kt-button{font-weight:normal;font-style:normal;}.kt-btns_a4be2d-82 .kt-btn-wrap-0{margin-right:5px;}.wp-block-kadence-advancedbtn.kt-btns_a4be2d-82 .kt-btn-wrap-0 .kt-button{color:#00d084;background:rgba(238, 238, 238, 0);border-color:#7bdcb5;}.wp-block-kadence-advancedbtn.kt-btns_a4be2d-82 .kt-btn-wrap-0 .kt-button:hover, .wp-block-kadence-advancedbtn.kt-btns_a4be2d-82 .kt-btn-wrap-0 .kt-button:focus{color:#ffffff;border-color:#444444;}.wp-block-kadence-advancedbtn.kt-btns_a4be2d-82 .kt-btn-wrap-0 .kt-button::before{display:none;}.wp-block-kadence-advancedbtn.kt-btns_a4be2d-82 .kt-btn-wrap-0 .kt-button:hover, .wp-block-kadence-advancedbtn.kt-btns_a4be2d-82 .kt-btn-wrap-0 .kt-button:focus{background:#444444;}<\/style>","protected":false},"excerpt":{"rendered":"<p>Talincrea Editada pel Centre Universitari de Ci\u00e8ncies de la Salut de la Universitat de Guadalajara, M\u00e8xic Publicaci\u00f3 de la Primera part de la nostra investigaci\u00f3 Al\u00b7lotes i Dones Visible, pots llegir-la en la publicaci\u00f3 de la revista cient\u00edfica TALINCREA. Revista \u00abLas Cebras\u00bb Revista commemorativa del 10\u00e8 aniversari d&#8217;ACTEF. Hist\u00f2ries, poesies, contes, dibuixos, not\u00edcies, entrevistes, pel\u00b7l\u00edcules, &#8230; <a title=\"Publicacions\" class=\"read-more\" href=\"https:\/\/actef.es\/web\/publicacions\/?lang=ca\" aria-label=\"Leer m\u00e1s sobre Publicacions\">Leer m\u00e1s<\/a><\/p>\n","protected":false},"author":1,"featured_media":0,"parent":0,"menu_order":0,"comment_status":"closed","ping_status":"closed","template":"","meta":{"advgb_blocks_editor_width":"","advgb_blocks_columns_visual_guide":"","footnotes":""},"class_list":["post-689","page","type-page","status-publish"],"featured_image_urls_v2":{"full":"","thumbnail":"","medium":"","medium_large":"","large":"","1536x1536":"","2048x2048":""},"post_excerpt_stackable_v2":"<p>Talincrea Editada pel Centre Universitari de Ci\u00e8ncies de la Salut de la Universitat de Guadalajara, M\u00e8xic Publicaci\u00f3 de la Primera part de la nostra investigaci\u00f3 Al\u00b7lotes i Dones Visible, pots llegir-la en la publicaci\u00f3 de la revista cient\u00edfica TALINCREA. Revista \u00abLas Cebras\u00bb Revista commemorativa del 10\u00e8 aniversari d&#8217;ACTEF. Hist\u00f2ries, poesies, contes, dibuixos, not\u00edcies, entrevistes, pel\u00b7l\u00edcules, projectes, etc. Tot el que t&#8217;agradaria publicar i no s\u00e0vies on. Conte \u00abPor qu\u00e9 no me entienden\u00bb Conte per a nens d&#8217;Alta Capacitat \u2026i per als seus pares i professorsAutora: Gema TheusDonat a la Fundaci\u00f3 Avanza Enlla\u00e7 al conte<\/p>\n","category_list_v2":"","author_info_v2":{"name":"actefwp","url":"https:\/\/actef.es\/web\/author\/actefwp\/"},"comments_num_v2":"0 comentarios","coauthors":[],"author_meta":{"author_link":"https:\/\/actef.es\/web\/author\/actefwp\/","display_name":"actefwp"},"relative_dates":{"created":"Publicado 5 a\u00f1os hace","modified":"Actualizado 3 a\u00f1os hace"},"absolute_dates":{"created":"Publicado el 22 noviembre 2020","modified":"Actualizado el 23 julio 2023"},"absolute_dates_time":{"created":"Publicado el 22 noviembre 2020 13:38","modified":"Actualizado el 23 julio 2023 16:43"},"featured_img_caption":"","featured_img":false,"series_order":"","_links":{"self":[{"href":"https:\/\/actef.es\/web\/wp-json\/wp\/v2\/pages\/689","targetHints":{"allow":["GET"]}}],"collection":[{"href":"https:\/\/actef.es\/web\/wp-json\/wp\/v2\/pages"}],"about":[{"href":"https:\/\/actef.es\/web\/wp-json\/wp\/v2\/types\/page"}],"author":[{"embeddable":true,"href":"https:\/\/actef.es\/web\/wp-json\/wp\/v2\/users\/1"}],"replies":[{"embeddable":true,"href":"https:\/\/actef.es\/web\/wp-json\/wp\/v2\/comments?post=689"}],"version-history":[{"count":6,"href":"https:\/\/actef.es\/web\/wp-json\/wp\/v2\/pages\/689\/revisions"}],"predecessor-version":[{"id":1902,"href":"https:\/\/actef.es\/web\/wp-json\/wp\/v2\/pages\/689\/revisions\/1902"}],"wp:attachment":[{"href":"https:\/\/actef.es\/web\/wp-json\/wp\/v2\/media?parent=689"}],"curies":[{"name":"wp","href":"https:\/\/api.w.org\/{rel}","templated":true}]}}